{"id":1259,"date":"2022-04-01T00:00:00","date_gmt":"2022-04-01T00:00:00","guid":{"rendered":"http:\/\/demos.reytheme.com\/frankfurt\/?page_id=1259"},"modified":"2024-04-08T15:45:52","modified_gmt":"2024-04-08T15:45:52","slug":"kontakt","status":"publish","type":"page","link":"https:\/\/deqori.eu\/de\/kontakt\/","title":{"rendered":"Support &#038; Kontakt"},"content":{"rendered":"\t\t<div data-elementor-type=\"wp-page\" data-elementor-id=\"1259\" class=\"elementor elementor-1259\">\n\t\t\t\t\t\t<section class=\"elementor-section elementor-top-section elementor-element elementor-element-1d964b78 elementor-section-boxed elementor-section-height-default elementor-section-height-default\" data-id=\"1d964b78\" data-element_type=\"section\" data-e-type=\"section\">\n\t\t\t\t\t\t<div class=\"elementor-container elementor-column-gap-extended\">\n\t\t\t\t\t<div class=\"elementor-column elementor-col-50 elementor-top-column elementor-element elementor-element-250483df\" data-id=\"250483df\" data-element_type=\"column\" data-e-type=\"column\">\n\t\t\t<div class=\"elementor-column-wrap--250483df elementor-widget-wrap elementor-element-populated\">\n\t\t\t\t\t\t<section class=\"elementor-section elementor-inner-section elementor-element elementor-element-6cdfc968 elementor-section-boxed elementor-section-height-default elementor-section-height-default\" data-id=\"6cdfc968\" data-element_type=\"section\" data-e-type=\"section\">\n\t\t\t\t\t\t<div class=\"elementor-container elementor-column-gap-default\">\n\t\t\t\t\t<div class=\"elementor-column elementor-col-33 elementor-inner-column elementor-element elementor-element-4e71ad77\" data-id=\"4e71ad77\" data-element_type=\"column\" data-e-type=\"column\">\n\t\t\t<div class=\"elementor-column-wrap--4e71ad77 elementor-widget-wrap elementor-element-populated\">\n\t\t\t\t\t\t<div class=\"elementor-element elementor-element-2d18d232 elementor-widget elementor-widget-heading\" data-id=\"2d18d232\" data-element_type=\"widget\" data-e-type=\"widget\" data-widget_type=\"heading.default\">\n\t\t\t\t\t<h3 class=\"elementor-heading-title elementor-size-default\">Telefon<\/h3>\t\t\t\t<\/div>\n\t\t\t\t<div class=\"elementor-element elementor-element-370a59f1 elementor-widget elementor-widget-text-editor\" data-id=\"370a59f1\" data-element_type=\"widget\" data-e-type=\"widget\" data-widget_type=\"text-editor.default\">\n\t\t\t\t\t\t\t\t\t+49 (0) 30 75438844\t\t\t\t\t\t\t\t<\/div>\n\t\t\t\t\t<\/div>\n\t\t<\/div>\n\t\t\t\t<div class=\"elementor-column elementor-col-33 elementor-inner-column elementor-element elementor-element-549bf3aa\" data-id=\"549bf3aa\" data-element_type=\"column\" data-e-type=\"column\">\n\t\t\t<div class=\"elementor-column-wrap--549bf3aa elementor-widget-wrap elementor-element-populated\">\n\t\t\t\t\t\t<div class=\"elementor-element elementor-element-4d463a5a elementor-widget elementor-widget-heading\" data-id=\"4d463a5a\" data-element_type=\"widget\" data-e-type=\"widget\" data-widget_type=\"heading.default\">\n\t\t\t\t\t<h3 class=\"elementor-heading-title elementor-size-default\">E-Mail<\/h3>\t\t\t\t<\/div>\n\t\t\t\t<div class=\"elementor-element elementor-element-79ba480c elementor-widget elementor-widget-text-editor\" data-id=\"79ba480c\" data-element_type=\"widget\" data-e-type=\"widget\" data-widget_type=\"text-editor.default\">\n\t\t\t\t\t\t\t\t\tsupport@deqori.eu\t\t\t\t\t\t\t\t<\/div>\n\t\t\t\t\t<\/div>\n\t\t<\/div>\n\t\t\t\t<div class=\"elementor-column elementor-col-33 elementor-inner-column elementor-element elementor-element-bb4d914\" data-id=\"bb4d914\" data-element_type=\"column\" data-e-type=\"column\">\n\t\t\t<div class=\"elementor-column-wrap--bb4d914 elementor-widget-wrap elementor-element-populated\">\n\t\t\t\t\t\t<div class=\"elementor-element elementor-element-77a6739d elementor-widget elementor-widget-heading\" data-id=\"77a6739d\" data-element_type=\"widget\" data-e-type=\"widget\" data-widget_type=\"heading.default\">\n\t\t\t\t\t<h3 class=\"elementor-heading-title elementor-size-default\">Supportzeiten<\/h3>\t\t\t\t<\/div>\n\t\t\t\t<div class=\"elementor-element elementor-element-75535a0 elementor-widget elementor-widget-text-editor\" data-id=\"75535a0\" data-element_type=\"widget\" data-e-type=\"widget\" data-widget_type=\"text-editor.default\">\n\t\t\t\t\t\t\t\t\t<p>Montag bis Freitag 8:00 &#8211; 17:00 Uhr<\/p>\t\t\t\t\t\t\t\t<\/div>\n\t\t\t\t\t<\/div>\n\t\t<\/div>\n\t\t\t\t\t<\/div>\n\t\t<\/section>\n\t\t\t\t<div class=\"elementor-element elementor-element-f901d13 elementor-widget elementor-widget-heading\" data-id=\"f901d13\" data-element_type=\"widget\" data-e-type=\"widget\" data-widget_type=\"heading.default\">\n\t\t\t\t\t<h4 class=\"elementor-heading-title elementor-size-default\">Wie k\u00f6nnen wir behilflich sein?<\/h4>\t\t\t\t<\/div>\n\t\t\t\t<div class=\"elementor-element elementor-element-3ed4380a elementor-widget elementor-widget-text-editor\" data-id=\"3ed4380a\" data-element_type=\"widget\" data-e-type=\"widget\" data-widget_type=\"text-editor.default\">\n\t\t\t\t\t\t\t\t\t<p>Hast du eine Frage bez\u00fcglich einer Bestellung oder unserem Unternehmen? Dann nutze doch bitte das Kontaktformular, schreibe uns eine E-Mail oder rufe uns an.<\/p><p>Bei allgemeinen Fragen zu einem Produkt oder dem Bestellablauf k\u00f6nnten die <a href=\"https:\/\/deqori.eu\/de\/hilfe-faq\/\">Hilfeseite<\/a> mit den am h\u00e4ufigsten gestellten Fragen unter Umst\u00e4nden schon aufschlussreich sein. Sofern das nicht der Fall sein sollte nutze einfach einer der angegebenen Kontaktm\u00f6glichkeiten.<\/p>\t\t\t\t\t\t\t\t<\/div>\n\t\t\t\t<div class=\"elementor-element elementor-element-122aaa9 elementor-widget elementor-widget-heading\" data-id=\"122aaa9\" data-element_type=\"widget\" data-e-type=\"widget\" data-widget_type=\"heading.default\">\n\t\t\t\t\t<h4 class=\"elementor-heading-title elementor-size-default\">M\u00f6chtest du einen Artikel zur\u00fcckgeben?\n <\/h4>\t\t\t\t<\/div>\n\t\t\t\t<div class=\"elementor-element elementor-element-f526f93 elementor-widget elementor-widget-text-editor\" data-id=\"f526f93\" data-element_type=\"widget\" data-e-type=\"widget\" data-widget_type=\"text-editor.default\">\n\t\t\t\t\t\t\t\t\t<p>Kein Problem! Daf\u00fcr kannst du unser praktisches <a href=\"https:\/\/deqori.eu\/de\/mein-konto\/refund-request\/\">Retourencenter<\/a> nutzen. Dort w\u00e4hlst du deine\u00a0 Bestellung und Artikel aus, um anschlie\u00dfend dein R\u00fccksendeetikett sowie weiter Anweisungen zu erhalten. Alternativ kannst du nat\u00fcrlich auch gerne den klassischen Weg gehen und das Widerrufsformular ausf\u00fcllen. Weitere Informationen dazu findest du in der <a href=\"https:\/\/deqori.eu\/de\/widerruf\/\">Widerrufsbelehrung<\/a>.<\/p>\t\t\t\t\t\t\t\t<\/div>\n\t\t\t\t\t<\/div>\n\t\t<\/div>\n\t\t\t\t<div class=\"elementor-column elementor-col-50 elementor-top-column elementor-element elementor-element-5b51ec51\" data-id=\"5b51ec51\" data-element_type=\"column\" data-e-type=\"column\">\n\t\t\t<div class=\"elementor-column-wrap--5b51ec51 elementor-widget-wrap elementor-element-populated\">\n\t\t\t\t\t\t<section class=\"elementor-section elementor-inner-section elementor-element elementor-element-99f8009 elementor-section-boxed elementor-section-height-default elementor-section-height-default\" data-id=\"99f8009\" data-element_type=\"section\" data-e-type=\"section\">\n\t\t\t\t\t\t<div class=\"elementor-container elementor-column-gap-default\">\n\t\t\t\t\t<div class=\"elementor-column elementor-col-100 elementor-inner-column elementor-element elementor-element-4752da0\" data-id=\"4752da0\" data-element_type=\"column\" data-e-type=\"column\">\n\t\t\t<div class=\"elementor-column-wrap--4752da0 elementor-widget-wrap elementor-element-populated\">\n\t\t\t\t\t\t<div class=\"elementor-element elementor-element-223374a3 elementor-widget elementor-widget-heading\" data-id=\"223374a3\" data-element_type=\"widget\" data-e-type=\"widget\" data-widget_type=\"heading.default\">\n\t\t\t\t\t<h3 class=\"elementor-heading-title elementor-size-default\">Kontakt aufnehmen<\/h3>\t\t\t\t<\/div>\n\t\t\t\t<div class=\"elementor-element elementor-element-69279620 elementor-widget elementor-widget-reycore-cf7\" data-id=\"69279620\" data-element_type=\"widget\" data-e-type=\"widget\" data-widget_type=\"reycore-cf7.default\">\n\t\t\t\t<div class=\"elementor-widget-container\">\n\t\t\t\t\t\t\t<div class=\"rey-element rey-cf7\">\n\t\t\t\n<div class=\"wpcf7 no-js\" id=\"wpcf7-f1703-o1\" lang=\"en-US\" dir=\"ltr\" data-wpcf7-id=\"1703\">\n<div class=\"screen-reader-response\"><p role=\"status\" aria-live=\"polite\" aria-atomic=\"true\"><\/p> <ul><\/ul><\/div>\n<form action=\"\/de\/wp-json\/wp\/v2\/pages\/1259#wpcf7-f1703-o1\" method=\"post\" class=\"wpcf7-form init rey-cf7--basic\" aria-label=\"Kontaktformular\" enctype=\"multipart\/form-data\" novalidate=\"novalidate\" data-status=\"init\">\n<fieldset class=\"hidden-fields-container\"><input type=\"hidden\" name=\"_wpcf7\" value=\"1703\" \/><input type=\"hidden\" name=\"_wpcf7_version\" value=\"6.1.5\" \/><input type=\"hidden\" name=\"_wpcf7_locale\" value=\"en_US\" \/><input type=\"hidden\" name=\"_wpcf7_unit_tag\" value=\"wpcf7-f1703-o1\" \/><input type=\"hidden\" name=\"_wpcf7_container_post\" value=\"0\" \/><input type=\"hidden\" name=\"_wpcf7_posted_data_hash\" value=\"\" \/><input type=\"hidden\" name=\"_wpcf7_recaptcha_response\" value=\"\" \/>\n<\/fieldset>\n<p><span class=\"wpcf7-form-control-wrap\" data-name=\"your-name\"><input size=\"40\" maxlength=\"400\" class=\"wpcf7-form-control wpcf7-text wpcf7-validates-as-required\" aria-required=\"true\" aria-invalid=\"false\" placeholder=\"Dein Vor- und Nachname (erforderlich)\" value=\"\" type=\"text\" name=\"your-name\" \/><\/span>\n<\/p>\n<p><span class=\"wpcf7-form-control-wrap\" data-name=\"your-email\"><input size=\"40\" maxlength=\"400\" class=\"wpcf7-form-control wpcf7-email wpcf7-validates-as-required wpcf7-text wpcf7-validates-as-email\" aria-required=\"true\" aria-invalid=\"false\" placeholder=\"Deine E-Mail (erforderlich)\" value=\"\" type=\"email\" name=\"your-email\" \/><\/span>\n<\/p>\n<p><span class=\"wpcf7-form-control-wrap\" data-name=\"reason\"><select class=\"wpcf7-form-control wpcf7-select wpcf7-validates-as-required\" aria-required=\"true\" aria-invalid=\"false\" name=\"reason\"><option value=\"-- Grund ausw\u00e4hlen (erforderlich) --\">-- Grund ausw\u00e4hlen (erforderlich) --<\/option><option value=\"Besch\u00e4digung: Ware ist besch\u00e4digt (Bitte Nachweis hochladen)\">Besch\u00e4digung: Ware ist besch\u00e4digt (Bitte Nachweis hochladen)<\/option><option value=\"Mangel: Ware weist M\u00e4ngel auf (Bitte Nachweis hochladen)\">Mangel: Ware weist M\u00e4ngel auf (Bitte Nachweis hochladen)<\/option><option value=\"Bestellstatus: Wie lautet der aktuelle Status der Bestellung?\">Bestellstatus: Wie lautet der aktuelle Status der Bestellung?<\/option><option value=\"Paket nicht auffindbar: Paket kann nicht aufgefunden werden\">Paket nicht auffindbar: Paket kann nicht aufgefunden werden<\/option><option value=\"Unvollst\u00e4ndige Lieferung: Es fehlen Produkte aus der Bestellung\">Unvollst\u00e4ndige Lieferung: Es fehlen Produkte aus der Bestellung<\/option><option value=\"Falsche Lieferung: Ich habe ein falsches Produkt erhalten\">Falsche Lieferung: Ich habe ein falsches Produkt erhalten<\/option><option value=\"Adress\u00e4nderung: Ich m\u00f6chte meine Lieferadresse \u00e4ndern\">Adress\u00e4nderung: Ich m\u00f6chte meine Lieferadresse \u00e4ndern<\/option><option value=\"Stornierung: Ich m\u00f6chte meine Bestellung stornieren\">Stornierung: Ich m\u00f6chte meine Bestellung stornieren<\/option><option value=\"Sonstige: Mein Grund f\u00fcr die Anfrage ist nicht aufgef\u00fchrt\">Sonstige: Mein Grund f\u00fcr die Anfrage ist nicht aufgef\u00fchrt<\/option><\/select><\/span>\n<\/p>\n<p><span class=\"wpcf7-form-control-wrap\" data-name=\"order-id\"><input class=\"wpcf7-form-control wpcf7-number wpcf7-validates-as-number\" aria-invalid=\"false\" placeholder=\"Bestellnummer (optional)\" value=\"\" type=\"number\" name=\"order-id\" \/><\/span>\n<\/p>\n<p><span class=\"wpcf7-form-control-wrap\" data-name=\"your-message\"><textarea cols=\"40\" rows=\"10\" maxlength=\"2000\" class=\"wpcf7-form-control wpcf7-textarea wpcf7-validates-as-required\" aria-required=\"true\" aria-invalid=\"false\" placeholder=\"Deine Nachricht (erforderlich)\" name=\"your-message\"><\/textarea><\/span>\n<\/p>\n<p><span class=\"wpcf7-form-control-wrap\" data-name=\"upload\"><input size=\"40\" class=\"wpcf7-form-control wpcf7-file\" accept=\"image\/*,.txt,application\/pdf\" aria-invalid=\"false\" type=\"file\" name=\"upload\" \/><\/span>\n<\/p>\n<p><span class=\"wpcf7-form-control-wrap\" data-name=\"acceptance-998\"><span class=\"wpcf7-form-control wpcf7-acceptance\"><span class=\"wpcf7-list-item\"><label><input type=\"checkbox\" name=\"acceptance-998\" value=\"1\" aria-invalid=\"false\" \/><span class=\"wpcf7-list-item-label\">Hiermit erkl\u00e4re ich mich damit einverstanden, dass meine Daten zur Bearbeitung der Anfrage gem\u00e4\u00df der <a href=\"https:\/\/deqori.eu\/de\/datenschutz\/\" target=\"_blank\">Datenschutzerkl\u00e4rung<\/a> dieser Webseite verwendet werden.<\/span><\/label><\/span><\/span><\/span>\n<\/p>\n<p><input class=\"wpcf7-form-control wpcf7-submit has-spinner btn btn-primary\" type=\"submit\" value=\"NACHRICHT SENDEN\" \/>\n<\/p><div class=\"wpcf7-response-output\" aria-hidden=\"true\"><\/div>\n<\/form>\n<\/div>\n\t\t<\/div>\n\t\t\t\t\t\t<\/div>\n\t\t\t\t<\/div>\n\t\t\t\t\t<\/div>\n\t\t<\/div>\n\t\t\t\t\t<\/div>\n\t\t<\/section>\n\t\t\t\t\t<\/div>\n\t\t<\/div>\n\t\t\t\t\t<\/div>\n\t\t<\/section>\n\t\t\t\t<\/div>\n\t\t","protected":false},"excerpt":{"rendered":"<p>Telefon +49 (0) 30 75438844 E-Mail support@deqori.eu Supportzeiten Montag bis Freitag 8:00 &#8211; 17:00 Uhr Wie k\u00f6nnen wir behilflich sein? Hast du eine Frage bez\u00fcglich einer Bestellung oder unserem Unternehmen? Dann nutze doch bitte das Kontaktformular, schreibe uns eine E-Mail oder rufe uns an. Bei allgemeinen Fragen zu einem Produkt oder dem Bestellablauf k\u00f6nnten die [&hellip;]<\/p>\n","protected":false},"author":1,"featured_media":0,"parent":0,"menu_order":0,"comment_status":"closed","ping_status":"closed","template":"template-builder.php","meta":{"_acf_changed":false,"footnotes":""},"class_list":["post-1259","page","type-page","status-publish","hentry","fpd-variation-needed"],"acf":[],"yoast_head":"<!-- This site is optimized with the Yoast SEO plugin v27.3 - https:\/\/yoast.com\/product\/yoast-seo-wordpress\/ -->\n<title>Support &amp; Kontakt | Hilfe erhalten | DEQORI<\/title>\n<meta name=\"description\" content=\"Kontaktiere uns, wenn du Fragen zu einer Bestellung bei DEQORI hast oder mit uns Kontakt aufnehmen m\u00f6chtest. Jetzt kontaktieren!\" \/>\n<meta name=\"robots\" content=\"index, follow, max-snippet:-1, max-image-preview:large, max-video-preview:-1\" \/>\n<link rel=\"canonical\" href=\"https:\/\/deqori.eu\/de\/kontakt\/\" \/>\n<meta property=\"og:locale\" content=\"de_DE\" \/>\n<meta property=\"og:type\" content=\"article\" \/>\n<meta property=\"og:title\" content=\"Support &amp; Kontakt | Hilfe erhalten | DEQORI\" \/>\n<meta property=\"og:description\" content=\"Kontaktiere uns, wenn du Fragen zu einer Bestellung bei DEQORI hast oder mit uns Kontakt aufnehmen m\u00f6chtest. Jetzt kontaktieren!\" \/>\n<meta property=\"og:url\" content=\"https:\/\/deqori.eu\/de\/kontakt\/\" \/>\n<meta property=\"og:site_name\" content=\"DEQORI\" \/>\n<meta property=\"article:publisher\" content=\"https:\/\/www.facebook.com\/deqorishop\/\" \/>\n<meta property=\"article:modified_time\" content=\"2024-04-08T15:45:52+00:00\" \/>\n<meta property=\"og:image\" content=\"https:\/\/deqori.eu\/wp-content\/uploads\/2022\/04\/head-part-II.jpg\" \/>\n\t<meta property=\"og:image:width\" content=\"1830\" \/>\n\t<meta property=\"og:image:height\" content=\"800\" \/>\n\t<meta property=\"og:image:type\" content=\"image\/jpeg\" \/>\n<meta name=\"twitter:card\" content=\"summary_large_image\" \/>\n<script type=\"application\/ld+json\" class=\"yoast-schema-graph\">{\"@context\":\"https:\\\/\\\/schema.org\",\"@graph\":[{\"@type\":\"WebPage\",\"@id\":\"https:\\\/\\\/deqori.eu\\\/de\\\/kontakt\\\/\",\"url\":\"https:\\\/\\\/deqori.eu\\\/de\\\/kontakt\\\/\",\"name\":\"Support & Kontakt | Hilfe erhalten | DEQORI\",\"isPartOf\":{\"@id\":\"https:\\\/\\\/deqori.eu\\\/de\\\/#website\"},\"datePublished\":\"2022-04-01T00:00:00+00:00\",\"dateModified\":\"2024-04-08T15:45:52+00:00\",\"description\":\"Kontaktiere uns, wenn du Fragen zu einer Bestellung bei DEQORI hast oder mit uns Kontakt aufnehmen m\u00f6chtest. Jetzt kontaktieren!\",\"breadcrumb\":{\"@id\":\"https:\\\/\\\/deqori.eu\\\/de\\\/kontakt\\\/#breadcrumb\"},\"inLanguage\":\"de\",\"potentialAction\":[{\"@type\":\"ReadAction\",\"target\":[\"https:\\\/\\\/deqori.eu\\\/de\\\/kontakt\\\/\"]}]},{\"@type\":\"BreadcrumbList\",\"@id\":\"https:\\\/\\\/deqori.eu\\\/de\\\/kontakt\\\/#breadcrumb\",\"itemListElement\":[{\"@type\":\"ListItem\",\"position\":1,\"name\":\"Start\",\"item\":\"https:\\\/\\\/deqori.eu\\\/de\\\/\"},{\"@type\":\"ListItem\",\"position\":2,\"name\":\"Support &#038; Kontakt\"}]},{\"@type\":\"WebSite\",\"@id\":\"https:\\\/\\\/deqori.eu\\\/de\\\/#website\",\"url\":\"https:\\\/\\\/deqori.eu\\\/de\\\/\",\"name\":\"DEQORI\",\"description\":\"MOTIV-ierte Wandkunst f\u00fcr deine Wohnf\u00fchloase\",\"publisher\":{\"@id\":\"https:\\\/\\\/deqori.eu\\\/de\\\/#organization\"},\"potentialAction\":[{\"@type\":\"SearchAction\",\"target\":{\"@type\":\"EntryPoint\",\"urlTemplate\":\"https:\\\/\\\/deqori.eu\\\/de\\\/?s={search_term_string}\"},\"query-input\":{\"@type\":\"PropertyValueSpecification\",\"valueRequired\":true,\"valueName\":\"search_term_string\"}}],\"inLanguage\":\"de\"},{\"@type\":\"Organization\",\"@id\":\"https:\\\/\\\/deqori.eu\\\/de\\\/#organization\",\"name\":\"DEQORI\",\"url\":\"https:\\\/\\\/deqori.eu\\\/de\\\/\",\"logo\":{\"@type\":\"ImageObject\",\"inLanguage\":\"de\",\"@id\":\"https:\\\/\\\/deqori.eu\\\/de\\\/#\\\/schema\\\/logo\\\/image\\\/\",\"url\":\"https:\\\/\\\/deqori.eu\\\/wp-content\\\/uploads\\\/2022\\\/03\\\/deqori-logo-500px-blau-v3.png\",\"contentUrl\":\"https:\\\/\\\/deqori.eu\\\/wp-content\\\/uploads\\\/2022\\\/03\\\/deqori-logo-500px-blau-v3.png\",\"width\":500,\"height\":130,\"caption\":\"DEQORI\"},\"image\":{\"@id\":\"https:\\\/\\\/deqori.eu\\\/de\\\/#\\\/schema\\\/logo\\\/image\\\/\"},\"sameAs\":[\"https:\\\/\\\/www.facebook.com\\\/deqorishop\\\/\",\"https:\\\/\\\/www.instagram.com\\\/deqorishop\\\/\",\"https:\\\/\\\/www.pinterest.com\\\/deqorishop\\\/\"],\"hasMerchantReturnPolicy\":{\"@type\":\"MerchantReturnPolicy\",\"merchantReturnLink\":\"https:\\\/\\\/deqori.eu\\\/de\\\/widerruf\\\/\"}}]}<\/script>\n<!-- \/ Yoast SEO plugin. -->","yoast_head_json":{"title":"Support & Kontakt | Hilfe erhalten | DEQORI","description":"Kontaktiere uns, wenn du Fragen zu einer Bestellung bei DEQORI hast oder mit uns Kontakt aufnehmen m\u00f6chtest. Jetzt kontaktieren!","robots":{"index":"index","follow":"follow","max-snippet":"max-snippet:-1","max-image-preview":"max-image-preview:large","max-video-preview":"max-video-preview:-1"},"canonical":"https:\/\/deqori.eu\/de\/kontakt\/","og_locale":"de_DE","og_type":"article","og_title":"Support & Kontakt | Hilfe erhalten | DEQORI","og_description":"Kontaktiere uns, wenn du Fragen zu einer Bestellung bei DEQORI hast oder mit uns Kontakt aufnehmen m\u00f6chtest. Jetzt kontaktieren!","og_url":"https:\/\/deqori.eu\/de\/kontakt\/","og_site_name":"DEQORI","article_publisher":"https:\/\/www.facebook.com\/deqorishop\/","article_modified_time":"2024-04-08T15:45:52+00:00","og_image":[{"width":1830,"height":800,"url":"https:\/\/deqori.eu\/wp-content\/uploads\/2022\/04\/head-part-II.jpg","type":"image\/jpeg"}],"twitter_card":"summary_large_image","schema":{"@context":"https:\/\/schema.org","@graph":[{"@type":"WebPage","@id":"https:\/\/deqori.eu\/de\/kontakt\/","url":"https:\/\/deqori.eu\/de\/kontakt\/","name":"Support & Kontakt | Hilfe erhalten | DEQORI","isPartOf":{"@id":"https:\/\/deqori.eu\/de\/#website"},"datePublished":"2022-04-01T00:00:00+00:00","dateModified":"2024-04-08T15:45:52+00:00","description":"Kontaktiere uns, wenn du Fragen zu einer Bestellung bei DEQORI hast oder mit uns Kontakt aufnehmen m\u00f6chtest. Jetzt kontaktieren!","breadcrumb":{"@id":"https:\/\/deqori.eu\/de\/kontakt\/#breadcrumb"},"inLanguage":"de","potentialAction":[{"@type":"ReadAction","target":["https:\/\/deqori.eu\/de\/kontakt\/"]}]},{"@type":"BreadcrumbList","@id":"https:\/\/deqori.eu\/de\/kontakt\/#breadcrumb","itemListElement":[{"@type":"ListItem","position":1,"name":"Start","item":"https:\/\/deqori.eu\/de\/"},{"@type":"ListItem","position":2,"name":"Support &#038; Kontakt"}]},{"@type":"WebSite","@id":"https:\/\/deqori.eu\/de\/#website","url":"https:\/\/deqori.eu\/de\/","name":"DEQORI","description":"MOTIV-ierte Wandkunst f\u00fcr deine Wohnf\u00fchloase","publisher":{"@id":"https:\/\/deqori.eu\/de\/#organization"},"potentialAction":[{"@type":"SearchAction","target":{"@type":"EntryPoint","urlTemplate":"https:\/\/deqori.eu\/de\/?s={search_term_string}"},"query-input":{"@type":"PropertyValueSpecification","valueRequired":true,"valueName":"search_term_string"}}],"inLanguage":"de"},{"@type":"Organization","@id":"https:\/\/deqori.eu\/de\/#organization","name":"DEQORI","url":"https:\/\/deqori.eu\/de\/","logo":{"@type":"ImageObject","inLanguage":"de","@id":"https:\/\/deqori.eu\/de\/#\/schema\/logo\/image\/","url":"https:\/\/deqori.eu\/wp-content\/uploads\/2022\/03\/deqori-logo-500px-blau-v3.png","contentUrl":"https:\/\/deqori.eu\/wp-content\/uploads\/2022\/03\/deqori-logo-500px-blau-v3.png","width":500,"height":130,"caption":"DEQORI"},"image":{"@id":"https:\/\/deqori.eu\/de\/#\/schema\/logo\/image\/"},"sameAs":["https:\/\/www.facebook.com\/deqorishop\/","https:\/\/www.instagram.com\/deqorishop\/","https:\/\/www.pinterest.com\/deqorishop\/"],"hasMerchantReturnPolicy":{"@type":"MerchantReturnPolicy","merchantReturnLink":"https:\/\/deqori.eu\/de\/widerruf\/"}}]}},"_links":{"self":[{"href":"https:\/\/deqori.eu\/de\/wp-json\/wp\/v2\/pages\/1259","targetHints":{"allow":["GET"]}}],"collection":[{"href":"https:\/\/deqori.eu\/de\/wp-json\/wp\/v2\/pages"}],"about":[{"href":"https:\/\/deqori.eu\/de\/wp-json\/wp\/v2\/types\/page"}],"author":[{"embeddable":true,"href":"https:\/\/deqori.eu\/de\/wp-json\/wp\/v2\/users\/1"}],"replies":[{"embeddable":true,"href":"https:\/\/deqori.eu\/de\/wp-json\/wp\/v2\/comments?post=1259"}],"version-history":[{"count":0,"href":"https:\/\/deqori.eu\/de\/wp-json\/wp\/v2\/pages\/1259\/revisions"}],"wp:attachment":[{"href":"https:\/\/deqori.eu\/de\/wp-json\/wp\/v2\/media?parent=1259"}],"curies":[{"name":"wp","href":"https:\/\/api.w.org\/{rel}","templated":true}]}}