{"id":1262,"date":"2022-04-01T00:00:00","date_gmt":"2022-04-01T00:00:00","guid":{"rendered":"http:\/\/demos.reytheme.com\/frankfurt\/?page_id=1262"},"modified":"2022-04-04T02:52:02","modified_gmt":"2022-04-04T02:52:02","slug":"hilfe-faq","status":"publish","type":"page","link":"https:\/\/deqori.eu\/de\/hilfe-faq\/","title":{"rendered":"Hilfe &#038; FAQ"},"content":{"rendered":"\t\t<div data-elementor-type=\"wp-page\" data-elementor-id=\"1262\" class=\"elementor elementor-1262\">\n\t\t\t\t\t\t<section class=\"elementor-section elementor-top-section elementor-element elementor-element-3df41a2e elementor-section-content-middle elementor-section-boxed elementor-section-height-default elementor-section-height-default\" data-id=\"3df41a2e\" data-element_type=\"section\" data-e-type=\"section\">\n\t\t\t\t\t\t<div class=\"elementor-container elementor-column-gap-no\">\n\t\t\t\t\t<div class=\"elementor-column elementor-col-100 elementor-top-column elementor-element elementor-element-906006c\" data-id=\"906006c\" data-element_type=\"column\" data-e-type=\"column\">\n\t\t\t<div class=\"elementor-column-wrap--906006c elementor-widget-wrap elementor-element-populated\">\n\t\t\t\t\t\t<section class=\"elementor-section elementor-inner-section elementor-element elementor-element-447a395 elementor-section-boxed elementor-section-height-default elementor-section-height-default\" data-id=\"447a395\" data-element_type=\"section\" data-e-type=\"section\">\n\t\t\t\t\t\t<div class=\"elementor-container elementor-column-gap-no\">\n\t\t\t\t\t<div class=\"elementor-column elementor-col-50 elementor-inner-column elementor-element elementor-element-31a17ffe\" data-id=\"31a17ffe\" data-element_type=\"column\" data-e-type=\"column\">\n\t\t\t<div class=\"elementor-column-wrap--31a17ffe elementor-widget-wrap elementor-element-populated\">\n\t\t\t\t\t\t<div class=\"elementor-element elementor-element-355264bb elementor-widget elementor-widget-heading\" data-id=\"355264bb\" data-element_type=\"widget\" data-e-type=\"widget\" data-widget_type=\"heading.default\">\n\t\t\t\t\t<h4 class=\"elementor-heading-title elementor-size-default\">Wie bestelle ich bei DEQORI?<\/h4>\t\t\t\t<\/div>\n\t\t\t\t<div class=\"elementor-element elementor-element-48796c05 elementor-widget elementor-widget-text-editor\" data-id=\"48796c05\" data-element_type=\"widget\" data-e-type=\"widget\" data-widget_type=\"text-editor.default\">\n\t\t\t\t\t\t\t\t\t<p>In unserem gut sortierten Onlineshop bist du hoffentlich schnell f\u00fcndig geworden. Dann kannst du mit dem Kaufprozess fortfahren, indem du die gew\u00fcnschten Produkte in den <a href=\"https:\/\/deqori.eu\/warenkorb\/\">Warenkorb<\/a> legst und in nur zwei weiteren Schritten deine Bestellung aufgibst. Im ersten Schritt navigierst du in den Warenkorb oder \u00fcberspringst gar diesen Schritt und gehst direkt zur <a href=\"https:\/\/deqori.eu\/kasse\/\">Kasse<\/a>. Dort angekommen hinterlegst du deine Liefer-\/Rechnungsanschrift, Zahlungsmethode und \u00fcberpr\u00fcfst noch einmal deine Bestellung. Mit dem \u201eJetzt Kaufen\u201c-Button wird deine Bestellung erfolgreich aufgegeben und du erh\u00e4ltst zus\u00e4tzlich dar\u00fcber eine Zusammenfassung per E-Mail. Bis zum Empfang der Ware werden wir dich weiterhin via E-Mail auf dem Laufenden halten.<\/p>\t\t\t\t\t\t\t\t<\/div>\n\t\t\t\t<div class=\"elementor-element elementor-element-17cfb266 elementor-widget elementor-widget-heading\" data-id=\"17cfb266\" data-element_type=\"widget\" data-e-type=\"widget\" data-widget_type=\"heading.default\">\n\t\t\t\t\t<h4 class=\"elementor-heading-title elementor-size-default\">Mein Produkt wurde beim Transport besch\u00e4digt<\/h4>\t\t\t\t<\/div>\n\t\t\t\t<div class=\"elementor-element elementor-element-52c552e3 elementor-widget elementor-widget-text-editor\" data-id=\"52c552e3\" data-element_type=\"widget\" data-e-type=\"widget\" data-widget_type=\"text-editor.default\">\n\t\t\t\t\t\t\t\t\t<p>Unsere Pakete werden vor Verlassen der Produktion vor Ort bzw. des Logistikzentrums noch einmal kontrolliert und gepr\u00fcft. Dennoch kann es in Einzelf\u00e4llen vorkommen, dass die Ware auf dem Weg zu dir vom Paketdienstleister besch\u00e4digt wird. Solltest du davon betroffen sein, bitten wir dich mit uns <a href=\"https:\/\/deqori.eu\/support-kontakt\/\">Kontakt aufzunehmen<\/a> und uns das Problem zu schildern. Idealweise sendest du uns auch direkt Bilder der Ware und des Schadens zu. Wir werden uns dann den Vorfall im Detail anschauen und gemeinsam eine geeignete L\u00f6sung finden.<\/p>\t\t\t\t\t\t\t\t<\/div>\n\t\t\t\t<div class=\"elementor-element elementor-element-768a890a elementor-widget elementor-widget-heading\" data-id=\"768a890a\" data-element_type=\"widget\" data-e-type=\"widget\" data-widget_type=\"heading.default\">\n\t\t\t\t\t<h4 class=\"elementor-heading-title elementor-size-default\">Wie lange dauert die Produktion und Lieferung?<\/h4>\t\t\t\t<\/div>\n\t\t\t\t<div class=\"elementor-element elementor-element-5382a78a elementor-widget elementor-widget-text-editor\" data-id=\"5382a78a\" data-element_type=\"widget\" data-e-type=\"widget\" data-widget_type=\"text-editor.default\">\n\t\t\t\t\t\t\t\t\t<p>Bitte beachte vor dem Kauf stets die angegebene Lieferzeit des jeweiligen Produktes. Einige Produkte liefern wir innerhalb weniger Werktage aus, w\u00e4hrend individuell gestaltete Produkte bis zu ca. 10 Werktagen Bearbeitungszeit in Anspruch nehmen k\u00f6nnen. In den meisten F\u00e4llen betr\u00e4gt die Bearbeitungszeit jedoch nur maximal 5 Werktagen, bevor die Bestellung versandt wird. Weitere Informationen zu Versand und Lieferzeit erh\u00e4ltst du auch auf der <a href=\"https:\/\/deqori.eu\/de\/versand\/\">Unterseite Versand<\/a>.<\/p>\t\t\t\t\t\t\t\t<\/div>\n\t\t\t\t<div class=\"elementor-element elementor-element-064ce10 elementor-widget elementor-widget-heading\" data-id=\"064ce10\" data-element_type=\"widget\" data-e-type=\"widget\" data-widget_type=\"heading.default\">\n\t\t\t\t\t<h4 class=\"elementor-heading-title elementor-size-default\">Ich habe mein Paket noch nicht erhalten<\/h4>\t\t\t\t<\/div>\n\t\t\t\t<div class=\"elementor-element elementor-element-1c2ca9e elementor-widget elementor-widget-text-editor\" data-id=\"1c2ca9e\" data-element_type=\"widget\" data-e-type=\"widget\" data-widget_type=\"text-editor.default\">\n\t\t\t\t\t\t\t\t\t<p>Wir informieren dich stets via E-Mail \u00fcber den aktuellen Bestellstatus. Auch dann, wenn deine Bestellung fertig gepackt und auf dem Weg zu dir ist. In dieser Benachrichtigung erh\u00e4ltst du auch einen Link zum Paketdienstleister sowie eine Sendungsverfolgungsnummer f\u00fcr deine Bestellung. Mit Hilfe dieser kannst du mitverfolgen wo sich deine Lieferung gerade befindet und wann diese vorrausichtlich eintreffen wird.<br \/>Sofern du keine E-Mail erhalten hast (auch nicht im Spam-Order) oder weitere Fragen zur Lieferung haben solltest, <a href=\"https:\/\/deqori.eu\/support-kontakt\/\">kontaktiere uns bitte<\/a>.<\/p>\t\t\t\t\t\t\t\t<\/div>\n\t\t\t\t\t<\/div>\n\t\t<\/div>\n\t\t\t\t<div class=\"elementor-column elementor-col-50 elementor-inner-column elementor-element elementor-element-253b0b29\" data-id=\"253b0b29\" data-element_type=\"column\" data-e-type=\"column\">\n\t\t\t<div class=\"elementor-column-wrap--253b0b29 elementor-widget-wrap elementor-element-populated\">\n\t\t\t\t\t\t<div class=\"elementor-element elementor-element-229fb5cf elementor-widget elementor-widget-heading\" data-id=\"229fb5cf\" data-element_type=\"widget\" data-e-type=\"widget\" data-widget_type=\"heading.default\">\n\t\t\t\t\t<h4 class=\"elementor-heading-title elementor-size-default\">Unterschied Echtglas vs Acrylglas<\/h4>\t\t\t\t<\/div>\n\t\t\t\t<div class=\"elementor-element elementor-element-423faa9d elementor-widget elementor-widget-text-editor\" data-id=\"423faa9d\" data-element_type=\"widget\" data-e-type=\"widget\" data-widget_type=\"text-editor.default\">\n\t\t\t\t\t\t\t\t\t<p>Nicht jedem sind die direkten Unterschiede und Begrifflichkeiten sofort klar. Das mag auch daran liegen, dass wir bei uns im Shop h\u00e4ufig den Begriff Echtglas verwenden. Dahinter verbirgt sich g\u00e4ngiges Einscheibensicherheitsglas (ESG), welches nach einer thermischem Luft-Behandlung unter hohem Druck schockgek\u00fchlt wird. Bei hoher Belastung kann das Glas zwar brechen, zerf\u00e4llt dann allerdings in kleinere St\u00fccke ohne scharfe Kanten. Dadurch wird das Risiko einer Verletzung stark gemindert. Dar\u00fcber hinaus zeichnet es sich durch eine hohe Sto\u00df- und Schlagfestigkeit sowie Kratzunempfindlichkeit aus.<br \/>Die Alternative zum Echtglas ist das UV-best\u00e4ndige Acrylglas, auch Polymethylmethacrylat (PMMA) genannt. Hierbei handelt es sich um einen weitaus leichteren Werkstoff, welcher deutlich st\u00e4rker und bruchsicherer als herk\u00f6mmliches Flachglas ist. Dadurch eignet es sich besser f\u00fcr besonders gro\u00dfe Wandbilder.<\/p>\t\t\t\t\t\t\t\t<\/div>\n\t\t\t\t<div class=\"elementor-element elementor-element-9458348 elementor-widget elementor-widget-heading\" data-id=\"9458348\" data-element_type=\"widget\" data-e-type=\"widget\" data-widget_type=\"heading.default\">\n\t\t\t\t\t<h4 class=\"elementor-heading-title elementor-size-default\">Acrylglas: Pflegehinweise und Reinigung<\/h4>\t\t\t\t<\/div>\n\t\t\t\t<div class=\"elementor-element elementor-element-71381b6d elementor-widget elementor-widget-text-editor\" data-id=\"71381b6d\" data-element_type=\"widget\" data-e-type=\"widget\" data-widget_type=\"text-editor.default\">\n\t\t\t\t\t\t\t\t\t<p>Damit du auch langanhaltende Freude an deinem Deko-Objekt hast, empfiehlt es sich dieses in regelm\u00e4\u00dfigen Abst\u00e4nden zu reinigen. Dabei ist Acrylglas empfindlich auf der Oberfl\u00e4che, weshalb du eine Trockenreinigung vermeiden und anstelle dessen die Acrylglasscheiben immer feucht abwischen solltest. Idealerweise nutzt du daf\u00fcr ein Mikrofasertuch, welches mit einem milden Reinigungsmittel und lauwarmem Wasser blo\u00df angefeuchtet wird. Auch Handsp\u00fclmittel oder antistatische Kunststoffreiniger eignen sich sehr gut f\u00fcr die Pflege und Reinigung des Materials.<\/p>\t\t\t\t\t\t\t\t<\/div>\n\t\t\t\t<div class=\"elementor-element elementor-element-25afbcd elementor-widget elementor-widget-heading\" data-id=\"25afbcd\" data-element_type=\"widget\" data-e-type=\"widget\" data-widget_type=\"heading.default\">\n\t\t\t\t\t<h4 class=\"elementor-heading-title elementor-size-default\">Echtglas: Pflegehinweise und Reinigung<\/h4>\t\t\t\t<\/div>\n\t\t\t\t<div class=\"elementor-element elementor-element-cd70631 elementor-widget elementor-widget-text-editor\" data-id=\"cd70631\" data-element_type=\"widget\" data-e-type=\"widget\" data-widget_type=\"text-editor.default\">\n\t\t\t\t\t\t\t\t\t<p>Echtglas (ESG) ist grunds\u00e4tzlich leichter zu pflegen als das Acrylglas-Pendant, da es nicht so empfindlich ist. Sowohl eine schnelle Trockenreinigung als auch eine intensivere leicht feuchte Reinigung sind dadurch m\u00f6glich. Nutze hierf\u00fcr ein Mikrofasertuch, Schwamm oder Fensterleder aus Kunststoff und achte darauf keine Scheuermittel oder aggressiven Reinigungsmittel zu verwenden.<\/p>\t\t\t\t\t\t\t\t<\/div>\n\t\t\t\t<div class=\"elementor-element elementor-element-3ed7adcd elementor-widget elementor-widget-heading\" data-id=\"3ed7adcd\" data-element_type=\"widget\" data-e-type=\"widget\" data-widget_type=\"heading.default\">\n\t\t\t\t\t<h4 class=\"elementor-heading-title elementor-size-default\">Montagehinweise f\u00fcr Wanddekorationen<\/h4>\t\t\t\t<\/div>\n\t\t\t\t<div class=\"elementor-element elementor-element-5b24bedf elementor-widget elementor-widget-text-editor\" data-id=\"5b24bedf\" data-element_type=\"widget\" data-e-type=\"widget\" data-widget_type=\"text-editor.default\">\n\t\t\t\t\t\t\t\t\t<p>Die meisten Wanddekorationen von uns kommen mit flexiblen Metall-Aufh\u00e4ngungen an der R\u00fcckseite daher. Zus\u00e4tzlich sorgen Abstandshalter bei den <a href=\"https:\/\/deqori.eu\/de\/kategorie\/wandbilder\/\">Wandbildern<\/a> und <a href=\"https:\/\/deqori.eu\/de\/kategorie\/wanduhren\/\">Wanduhren<\/a> f\u00fcr den gew\u00fcnschten Schwebeeffekt. Nachdem du nun eine H\u00f6he und Position an der Wand festgelegt hast, solltest du die Abst\u00e4nde der Aufh\u00e4ngungen ausmessen und an entsprechender Stelle L\u00f6cher in die Wand bohren. In diese L\u00f6cher werden nun D\u00fcbel und Schrauben versenkt. Achte allerdings darauf, dass diese nicht zu tief in der Wand versenkt werden und auch nicht zu weit hervorstehen, sodass sie das Glas bei der Aufh\u00e4ngung besch\u00e4digen k\u00f6nnten. Hast du das ber\u00fccksichtigt, kannst du nun die Dekoration aufh\u00e4ngen und bist fertig!<\/p>\t\t\t\t\t\t\t\t<\/div>\n\t\t\t\t\t<\/div>\n\t\t<\/div>\n\t\t\t\t\t<\/div>\n\t\t<\/section>\n\t\t\t\t\t<\/div>\n\t\t<\/div>\n\t\t\t\t\t<\/div>\n\t\t<\/section>\n\t\t\t\t<section class=\"elementor-section elementor-top-section elementor-element elementor-element-892bbff rey-flexWrap elementor-section-boxed elementor-section-height-default elementor-section-height-default\" data-id=\"892bbff\" data-element_type=\"section\" data-e-type=\"section\">\n\t\t\t\t\t\t\t<div class=\"elementor-background-overlay\"><\/div>\n\t\t\t\t\t\t\t<div class=\"elementor-container elementor-column-gap-default\">\n\t\t\t\t\t<div class=\"elementor-column elementor-col-50 elementor-top-column elementor-element elementor-element-3331c31\" data-id=\"3331c31\" data-element_type=\"column\" data-e-type=\"column\">\n\t\t\t<div class=\"elementor-column-wrap--3331c31 elementor-widget-wrap elementor-element-populated\">\n\t\t\t\t\t\t<div class=\"elementor-element elementor-element-28c2152 elementor-widget elementor-widget-heading\" data-id=\"28c2152\" data-element_type=\"widget\" data-e-type=\"widget\" data-widget_type=\"heading.default\">\n\t\t\t\t\t<h3 class=\"elementor-heading-title elementor-size-default\">DU HAST NOCH <B>WEITERE FRAGEN?<\/B><BR>\nDANN NIMM BITTE KONTAKT MIT UNS AUF<\/h3>\t\t\t\t<\/div>\n\t\t\t\t\t<\/div>\n\t\t<\/div>\n\t\t\t\t<div class=\"elementor-column elementor-col-50 elementor-top-column elementor-element elementor-element-fd43b9c\" data-id=\"fd43b9c\" data-element_type=\"column\" data-e-type=\"column\">\n\t\t\t<div class=\"elementor-column-wrap--fd43b9c elementor-widget-wrap elementor-element-populated\">\n\t\t\t\t\t\t<div class=\"elementor-element elementor-element-ccb6223 elementor-button-primary elementor-align-center elementor-widget elementor-widget-button\" data-id=\"ccb6223\" data-element_type=\"widget\" data-e-type=\"widget\" data-widget_type=\"button.default\">\n\t\t\t\t\t\t\t\t\t\t<a class=\"elementor-button elementor-button-link elementor-size-sm\" href=\"https:\/\/deqori.eu\/support-kontakt\/\">\n\t\t\t\t\t\t<span class=\"elementor-button-content-wrapper\">\n\t\t\t\t\t\t\t\t\t<span class=\"elementor-button-text\">JETZT KONTAKTIEREN<\/span>\n\t\t\t\t\t<\/span>\n\t\t\t\t\t<\/a>\n\t\t\t\t\t\t\t\t<\/div>\n\t\t\t\t\t<\/div>\n\t\t<\/div>\n\t\t\t\t\t<\/div>\n\t\t<\/section>\n\t\t\t\t<\/div>\n\t\t","protected":false},"excerpt":{"rendered":"<p>Wie bestelle ich bei DEQORI? In unserem gut sortierten Onlineshop bist du hoffentlich schnell f\u00fcndig geworden. Dann kannst du mit dem Kaufprozess fortfahren, indem du die gew\u00fcnschten Produkte in den Warenkorb legst und in nur zwei weiteren Schritten deine Bestellung aufgibst. Im ersten Schritt navigierst du in den Warenkorb oder \u00fcberspringst gar diesen Schritt und [&hellip;]<\/p>\n","protected":false},"author":1,"featured_media":0,"parent":0,"menu_order":0,"comment_status":"closed","ping_status":"closed","template":"template-builder.php","meta":{"_acf_changed":false,"footnotes":""},"class_list":["post-1262","page","type-page","status-publish","hentry","fpd-variation-needed"],"acf":[],"yoast_head":"<!-- This site is optimized with the Yoast SEO plugin v27.3 - https:\/\/yoast.com\/product\/yoast-seo-wordpress\/ -->\n<title>Hilfe &amp; FAQ | H\u00e4ufig gestellte Fragen | DEQORI<\/title>\n<meta name=\"description\" content=\"In der Hilfe (FAQ) findest du zahlreiche Antworten auf deine Fragen rund um Dekorationen aus Glas und den Shop DEQORI. Jetzt informieren!\" \/>\n<meta name=\"robots\" content=\"index, follow, max-snippet:-1, max-image-preview:large, max-video-preview:-1\" \/>\n<link rel=\"canonical\" href=\"https:\/\/deqori.eu\/de\/hilfe-faq\/\" \/>\n<meta property=\"og:locale\" content=\"de_DE\" \/>\n<meta property=\"og:type\" content=\"article\" \/>\n<meta property=\"og:title\" content=\"Hilfe &amp; FAQ | H\u00e4ufig gestellte Fragen | DEQORI\" \/>\n<meta property=\"og:description\" content=\"In der Hilfe (FAQ) findest du zahlreiche Antworten auf deine Fragen rund um Dekorationen aus Glas und den Shop DEQORI. Jetzt informieren!\" \/>\n<meta property=\"og:url\" content=\"https:\/\/deqori.eu\/de\/hilfe-faq\/\" \/>\n<meta property=\"og:site_name\" content=\"DEQORI\" \/>\n<meta property=\"article:publisher\" content=\"https:\/\/www.facebook.com\/deqorishop\/\" \/>\n<meta property=\"article:modified_time\" content=\"2022-04-04T02:52:02+00:00\" \/>\n<meta property=\"og:image\" content=\"https:\/\/deqori.eu\/wp-content\/uploads\/2022\/04\/head-part-II.jpg\" \/>\n\t<meta property=\"og:image:width\" content=\"1830\" \/>\n\t<meta property=\"og:image:height\" content=\"800\" \/>\n\t<meta property=\"og:image:type\" content=\"image\/jpeg\" \/>\n<meta name=\"twitter:card\" content=\"summary_large_image\" \/>\n<script type=\"application\/ld+json\" class=\"yoast-schema-graph\">{\"@context\":\"https:\\\/\\\/schema.org\",\"@graph\":[{\"@type\":\"WebPage\",\"@id\":\"https:\\\/\\\/deqori.eu\\\/de\\\/hilfe-faq\\\/\",\"url\":\"https:\\\/\\\/deqori.eu\\\/de\\\/hilfe-faq\\\/\",\"name\":\"Hilfe & FAQ | H\u00e4ufig gestellte Fragen | DEQORI\",\"isPartOf\":{\"@id\":\"https:\\\/\\\/deqori.eu\\\/de\\\/#website\"},\"datePublished\":\"2022-04-01T00:00:00+00:00\",\"dateModified\":\"2022-04-04T02:52:02+00:00\",\"description\":\"In der Hilfe (FAQ) findest du zahlreiche Antworten auf deine Fragen rund um Dekorationen aus Glas und den Shop DEQORI. Jetzt informieren!\",\"breadcrumb\":{\"@id\":\"https:\\\/\\\/deqori.eu\\\/de\\\/hilfe-faq\\\/#breadcrumb\"},\"inLanguage\":\"de\",\"potentialAction\":[{\"@type\":\"ReadAction\",\"target\":[\"https:\\\/\\\/deqori.eu\\\/de\\\/hilfe-faq\\\/\"]}]},{\"@type\":\"BreadcrumbList\",\"@id\":\"https:\\\/\\\/deqori.eu\\\/de\\\/hilfe-faq\\\/#breadcrumb\",\"itemListElement\":[{\"@type\":\"ListItem\",\"position\":1,\"name\":\"Start\",\"item\":\"https:\\\/\\\/deqori.eu\\\/de\\\/\"},{\"@type\":\"ListItem\",\"position\":2,\"name\":\"Hilfe &#038; FAQ\"}]},{\"@type\":\"WebSite\",\"@id\":\"https:\\\/\\\/deqori.eu\\\/de\\\/#website\",\"url\":\"https:\\\/\\\/deqori.eu\\\/de\\\/\",\"name\":\"DEQORI\",\"description\":\"MOTIV-ierte Wandkunst f\u00fcr deine Wohnf\u00fchloase\",\"publisher\":{\"@id\":\"https:\\\/\\\/deqori.eu\\\/de\\\/#organization\"},\"potentialAction\":[{\"@type\":\"SearchAction\",\"target\":{\"@type\":\"EntryPoint\",\"urlTemplate\":\"https:\\\/\\\/deqori.eu\\\/de\\\/?s={search_term_string}\"},\"query-input\":{\"@type\":\"PropertyValueSpecification\",\"valueRequired\":true,\"valueName\":\"search_term_string\"}}],\"inLanguage\":\"de\"},{\"@type\":\"Organization\",\"@id\":\"https:\\\/\\\/deqori.eu\\\/de\\\/#organization\",\"name\":\"DEQORI\",\"url\":\"https:\\\/\\\/deqori.eu\\\/de\\\/\",\"logo\":{\"@type\":\"ImageObject\",\"inLanguage\":\"de\",\"@id\":\"https:\\\/\\\/deqori.eu\\\/de\\\/#\\\/schema\\\/logo\\\/image\\\/\",\"url\":\"https:\\\/\\\/deqori.eu\\\/wp-content\\\/uploads\\\/2022\\\/03\\\/deqori-logo-500px-blau-v3.png\",\"contentUrl\":\"https:\\\/\\\/deqori.eu\\\/wp-content\\\/uploads\\\/2022\\\/03\\\/deqori-logo-500px-blau-v3.png\",\"width\":500,\"height\":130,\"caption\":\"DEQORI\"},\"image\":{\"@id\":\"https:\\\/\\\/deqori.eu\\\/de\\\/#\\\/schema\\\/logo\\\/image\\\/\"},\"sameAs\":[\"https:\\\/\\\/www.facebook.com\\\/deqorishop\\\/\",\"https:\\\/\\\/www.instagram.com\\\/deqorishop\\\/\",\"https:\\\/\\\/www.pinterest.com\\\/deqorishop\\\/\"],\"hasMerchantReturnPolicy\":{\"@type\":\"MerchantReturnPolicy\",\"merchantReturnLink\":\"https:\\\/\\\/deqori.eu\\\/de\\\/widerruf\\\/\"}}]}<\/script>\n<!-- \/ Yoast SEO plugin. -->","yoast_head_json":{"title":"Hilfe & FAQ | H\u00e4ufig gestellte Fragen | DEQORI","description":"In der Hilfe (FAQ) findest du zahlreiche Antworten auf deine Fragen rund um Dekorationen aus Glas und den Shop DEQORI. Jetzt informieren!","robots":{"index":"index","follow":"follow","max-snippet":"max-snippet:-1","max-image-preview":"max-image-preview:large","max-video-preview":"max-video-preview:-1"},"canonical":"https:\/\/deqori.eu\/de\/hilfe-faq\/","og_locale":"de_DE","og_type":"article","og_title":"Hilfe & FAQ | H\u00e4ufig gestellte Fragen | DEQORI","og_description":"In der Hilfe (FAQ) findest du zahlreiche Antworten auf deine Fragen rund um Dekorationen aus Glas und den Shop DEQORI. Jetzt informieren!","og_url":"https:\/\/deqori.eu\/de\/hilfe-faq\/","og_site_name":"DEQORI","article_publisher":"https:\/\/www.facebook.com\/deqorishop\/","article_modified_time":"2022-04-04T02:52:02+00:00","og_image":[{"width":1830,"height":800,"url":"https:\/\/deqori.eu\/wp-content\/uploads\/2022\/04\/head-part-II.jpg","type":"image\/jpeg"}],"twitter_card":"summary_large_image","schema":{"@context":"https:\/\/schema.org","@graph":[{"@type":"WebPage","@id":"https:\/\/deqori.eu\/de\/hilfe-faq\/","url":"https:\/\/deqori.eu\/de\/hilfe-faq\/","name":"Hilfe & FAQ | H\u00e4ufig gestellte Fragen | DEQORI","isPartOf":{"@id":"https:\/\/deqori.eu\/de\/#website"},"datePublished":"2022-04-01T00:00:00+00:00","dateModified":"2022-04-04T02:52:02+00:00","description":"In der Hilfe (FAQ) findest du zahlreiche Antworten auf deine Fragen rund um Dekorationen aus Glas und den Shop DEQORI. Jetzt informieren!","breadcrumb":{"@id":"https:\/\/deqori.eu\/de\/hilfe-faq\/#breadcrumb"},"inLanguage":"de","potentialAction":[{"@type":"ReadAction","target":["https:\/\/deqori.eu\/de\/hilfe-faq\/"]}]},{"@type":"BreadcrumbList","@id":"https:\/\/deqori.eu\/de\/hilfe-faq\/#breadcrumb","itemListElement":[{"@type":"ListItem","position":1,"name":"Start","item":"https:\/\/deqori.eu\/de\/"},{"@type":"ListItem","position":2,"name":"Hilfe &#038; FAQ"}]},{"@type":"WebSite","@id":"https:\/\/deqori.eu\/de\/#website","url":"https:\/\/deqori.eu\/de\/","name":"DEQORI","description":"MOTIV-ierte Wandkunst f\u00fcr deine Wohnf\u00fchloase","publisher":{"@id":"https:\/\/deqori.eu\/de\/#organization"},"potentialAction":[{"@type":"SearchAction","target":{"@type":"EntryPoint","urlTemplate":"https:\/\/deqori.eu\/de\/?s={search_term_string}"},"query-input":{"@type":"PropertyValueSpecification","valueRequired":true,"valueName":"search_term_string"}}],"inLanguage":"de"},{"@type":"Organization","@id":"https:\/\/deqori.eu\/de\/#organization","name":"DEQORI","url":"https:\/\/deqori.eu\/de\/","logo":{"@type":"ImageObject","inLanguage":"de","@id":"https:\/\/deqori.eu\/de\/#\/schema\/logo\/image\/","url":"https:\/\/deqori.eu\/wp-content\/uploads\/2022\/03\/deqori-logo-500px-blau-v3.png","contentUrl":"https:\/\/deqori.eu\/wp-content\/uploads\/2022\/03\/deqori-logo-500px-blau-v3.png","width":500,"height":130,"caption":"DEQORI"},"image":{"@id":"https:\/\/deqori.eu\/de\/#\/schema\/logo\/image\/"},"sameAs":["https:\/\/www.facebook.com\/deqorishop\/","https:\/\/www.instagram.com\/deqorishop\/","https:\/\/www.pinterest.com\/deqorishop\/"],"hasMerchantReturnPolicy":{"@type":"MerchantReturnPolicy","merchantReturnLink":"https:\/\/deqori.eu\/de\/widerruf\/"}}]}},"_links":{"self":[{"href":"https:\/\/deqori.eu\/de\/wp-json\/wp\/v2\/pages\/1262","targetHints":{"allow":["GET"]}}],"collection":[{"href":"https:\/\/deqori.eu\/de\/wp-json\/wp\/v2\/pages"}],"about":[{"href":"https:\/\/deqori.eu\/de\/wp-json\/wp\/v2\/types\/page"}],"author":[{"embeddable":true,"href":"https:\/\/deqori.eu\/de\/wp-json\/wp\/v2\/users\/1"}],"replies":[{"embeddable":true,"href":"https:\/\/deqori.eu\/de\/wp-json\/wp\/v2\/comments?post=1262"}],"version-history":[{"count":0,"href":"https:\/\/deqori.eu\/de\/wp-json\/wp\/v2\/pages\/1262\/revisions"}],"wp:attachment":[{"href":"https:\/\/deqori.eu\/de\/wp-json\/wp\/v2\/media?parent=1262"}],"curies":[{"name":"wp","href":"https:\/\/api.w.org\/{rel}","templated":true}]}}