{"id":38,"date":"2022-04-01T00:00:00","date_gmt":"2022-04-01T00:00:00","guid":{"rendered":"http:\/\/demos.reytheme.com\/frankfurt\/?page_id=38"},"modified":"2022-04-15T10:40:26","modified_gmt":"2022-04-15T10:40:26","slug":"ueber-uns","status":"publish","type":"page","link":"https:\/\/deqori.eu\/de\/ueber-uns\/","title":{"rendered":"\u00dcber Uns"},"content":{"rendered":"\t\t<div data-elementor-type=\"wp-page\" data-elementor-id=\"38\" class=\"elementor elementor-38\">\n\t\t\t\t\t\t<section class=\"elementor-section elementor-top-section elementor-element elementor-element-1c3b337 elementor-section-boxed elementor-section-height-default elementor-section-height-default\" data-id=\"1c3b337\" data-element_type=\"section\" data-e-type=\"section\">\n\t\t\t\t\t\t<div class=\"elementor-container elementor-column-gap-default\">\n\t\t\t\t\t<div class=\"elementor-column elementor-col-100 elementor-top-column elementor-element elementor-element-385c77e\" data-id=\"385c77e\" data-element_type=\"column\" data-e-type=\"column\">\n\t\t\t<div class=\"elementor-column-wrap--385c77e elementor-widget-wrap elementor-element-populated\">\n\t\t\t\t\t\t<div class=\"elementor-element elementor-element-84fea94 elementor-widget elementor-widget-image\" data-id=\"84fea94\" data-element_type=\"widget\" data-e-type=\"widget\" data-widget_type=\"image.default\">\n\t\t\t\t\t\t\t\t\t\t\t\t\t\t\t<img fetchpriority=\"high\" decoding=\"async\" width=\"2000\" height=\"700\" src=\"https:\/\/deqori.eu\/wp-content\/uploads\/2022\/03\/ueber-uns-head.jpg\" class=\"attachment-full size-full wp-image-5631\" alt=\"\" \/>\t\t\t\t\t\t\t\t\t\t\t\t\t\t\t<\/div>\n\t\t\t\t\t<\/div>\n\t\t<\/div>\n\t\t\t\t\t<\/div>\n\t\t<\/section>\n\t\t\t\t<section class=\"elementor-section elementor-top-section elementor-element elementor-element-219613f0 elementor-section-boxed elementor-section-height-default elementor-section-height-default\" data-id=\"219613f0\" data-element_type=\"section\" data-e-type=\"section\">\n\t\t\t\t\t\t<div class=\"elementor-container elementor-column-gap-default\">\n\t\t\t\t\t<div class=\"elementor-column elementor-col-100 elementor-top-column elementor-element elementor-element-44e3754a\" data-id=\"44e3754a\" data-element_type=\"column\" data-e-type=\"column\">\n\t\t\t<div class=\"elementor-column-wrap--44e3754a elementor-widget-wrap elementor-element-populated\">\n\t\t\t\t\t\t<div class=\"elementor-element elementor-element-15136f8e elementor-widget elementor-widget-text-editor\" data-id=\"15136f8e\" data-element_type=\"widget\" data-e-type=\"widget\" data-widget_type=\"text-editor.default\">\n\t\t\t\t\t\t\t\t\t<p>eigene Produktion\u00a0 \u00a0 \u00a0 \u00a0 In vielen L\u00e4ndern vertreten \u00a0 \u00a0 \u00a0 B2B &amp; B2C<\/p>\t\t\t\t\t\t\t\t<\/div>\n\t\t\t\t<div class=\"elementor-element elementor-element-dcf4dd0 elementor-widget elementor-widget-text-editor\" data-id=\"dcf4dd0\" data-element_type=\"widget\" data-e-type=\"widget\" data-widget_type=\"text-editor.default\">\n\t\t\t\t\t\t\t\t\t<p>Wir bringen kunstvolle Motive, individuelle Unikate und zeitlose Klassiker in deine vier W\u00e4nde.<br \/>Ganz gleich in welchem EU-Land du deine Wohnf\u00fchloase hast, wir beliefern dich!<\/p>\t\t\t\t\t\t\t\t<\/div>\n\t\t\t\t\t<\/div>\n\t\t<\/div>\n\t\t\t\t\t<\/div>\n\t\t<\/section>\n\t\t\t\t<section class=\"elementor-section elementor-top-section elementor-element elementor-element-7802b5e3 elementor-section-boxed elementor-section-height-default elementor-section-height-default\" data-id=\"7802b5e3\" data-element_type=\"section\" data-e-type=\"section\">\n\t\t\t\t\t\t<div class=\"elementor-container elementor-column-gap-default\">\n\t\t\t\t\t<div class=\"elementor-column elementor-col-50 elementor-top-column elementor-element elementor-element-1cfe51a4\" data-id=\"1cfe51a4\" data-element_type=\"column\" data-e-type=\"column\">\n\t\t\t<div class=\"elementor-column-wrap--1cfe51a4 elementor-widget-wrap elementor-element-populated\">\n\t\t\t\t\t\t<div class=\"elementor-element elementor-element-ceef921 elementor-widget__width-auto elementor-widget elementor-widget-reycore-stamp\" data-id=\"ceef921\" data-element_type=\"widget\" data-e-type=\"widget\" data-widget_type=\"reycore-stamp.default\">\n\t\t\t\t<div class=\"elementor-widget-container\">\n\t\t\t\t\t\t\t<div class=\"rey-stamp rey-stamp--default --animate\">\n\t\t\t\t<svg class=\"rey-stampText-svg\" xmlns=\"http:\/\/www.w3.org\/2000\/svg\" xmlns:xlink=\"http:\/\/www.w3.org\/1999\/xlink\" viewBox=\"70 70 350 350\">\n\t\t\t<title>F\u00dcR . DEINE . WOHNF\u00dcHLOASE .<\/title>\n\t\t\t<defs>\n\t\t\t\t<path d=\"M243.2, 382.4c-74.8,\n\t\t\t\t0-135.5-60.7-135.5-135.5s60.7-135.5,135.5-135.5s135.5, 60.7, 135.5,\n\t\t\t\t135.5 S318, 382.4, 243.2, 382.4z\" id=\"textcircle-ceef921\" \/>\n\t\t\t<\/defs>\n\t\t\t<text dy=\"0\" class=\"rey-stampText-svgText\">\n\t\t\t\t<textPath xlink:href=\"#textcircle-ceef921\">\n\t\t\t\t\tF\u00dcR . DEINE . WOHNF\u00dcHLOASE .\t\t\t\t<\/textPath>\n\t\t\t<\/text>\n\t\t<\/svg>\n\t\t\n\t\t<div class=\"rey-stampContent\">\n\t\t\t<img decoding=\"async\" width=\"150\" height=\"111\" src=\"https:\/\/deqori.eu\/wp-content\/uploads\/2022\/04\/deqori-split-grey.png\" class=\"attachment-full size-full\" alt=\"\" \/>\t\t<\/div>\n\t\t<\/div>\t\t\t\t<\/div>\n\t\t\t\t<\/div>\n\t\t\t\t\t<\/div>\n\t\t<\/div>\n\t\t\t\t<div class=\"elementor-column elementor-col-50 elementor-top-column elementor-element elementor-element-16105c\" data-id=\"16105c\" data-element_type=\"column\" data-e-type=\"column\">\n\t\t\t<div class=\"elementor-column-wrap--16105c elementor-widget-wrap elementor-element-populated\">\n\t\t\t\t\t\t<div class=\"elementor-element elementor-element-b616ac2 elementor-widget elementor-widget-heading\" data-id=\"b616ac2\" data-element_type=\"widget\" data-e-type=\"widget\" data-widget_type=\"heading.default\">\n\t\t\t\t\t<h2 class=\"elementor-heading-title elementor-size-default\">Unsere Philosophie<\/h2>\t\t\t\t<\/div>\n\t\t\t\t<div class=\"elementor-element elementor-element-4149a3f elementor-widget elementor-widget-text-editor\" data-id=\"4149a3f\" data-element_type=\"widget\" data-e-type=\"widget\" data-widget_type=\"text-editor.default\">\n\t\t\t\t\t\t\t\t\tUnser Team aus Dekorateuren und Designern hat sich zur Aufgabe gemacht, deine Wohnf\u00fchloase daheim mit einem neuen Hauch Lebensfreude zu versehen. Dabei arbeiten wir intensiv daran aktuelle Wohntrends zu verstehen und unterst\u00fctzen K\u00fcnstler dabei, ihre Motive und Kunstwerke auf Glas oder andere Materialien drucken zu lassen. Speziell in puncto Qualit\u00e4t m\u00f6chten wir bestm\u00f6gliche Ergebnisse erzielen und dennoch mit einem \u00e4u\u00dferst fairen Preis \u00fcberzeugen. Das k\u00f6nnen wir gew\u00e4hrleisten, indem wir hochwertige Materialien direkt vom Hersteller beziehen und in unserer eigenen Produktion veredeln und fertigstellen. Ferner sind wir davon \u00fcberzeugt, dass wir verantwortungsbewusster mit unserer Umwelt umgehen m\u00fcssen. Aus diesem Grund haben wir verschiedene nachhaltige Programme initiiert und streben eine vollst\u00e4ndig klimaneutrale Produktion an. Mit Energie aus erneuerbaren Quellen sind wir auf dem besten Weg dorthin &#8211; lasst uns diesen Weg gemeinsam gehen.\t\t\t\t\t\t\t\t<\/div>\n\t\t\t\t\t<\/div>\n\t\t<\/div>\n\t\t\t\t\t<\/div>\n\t\t<\/section>\n\t\t\t\t<section class=\"elementor-section elementor-top-section elementor-element elementor-element-6b08735 elementor-section-boxed elementor-section-height-default elementor-section-height-default\" data-id=\"6b08735\" data-element_type=\"section\" data-e-type=\"section\">\n\t\t\t\t\t\t<div class=\"elementor-container elementor-column-gap-default\">\n\t\t\t\t\t<div class=\"elementor-column elementor-col-50 elementor-top-column elementor-element elementor-element-34c48f2\" data-id=\"34c48f2\" data-element_type=\"column\" data-e-type=\"column\">\n\t\t\t<div class=\"elementor-column-wrap--34c48f2 elementor-widget-wrap elementor-element-populated\">\n\t\t\t\t\t\t<div class=\"elementor-element elementor-element-33b47f5 elementor-image--ch elementor-widget elementor-widget-image\" data-id=\"33b47f5\" data-element_type=\"widget\" data-e-type=\"widget\" data-widget_type=\"image.default\">\n\t\t\t\t\t\t\t\t\t\t\t\t\t\t\t<img decoding=\"async\" width=\"1024\" height=\"366\" src=\"https:\/\/deqori.eu\/wp-content\/uploads\/2022\/03\/ueber-uns-1-1024x366.jpg\" class=\"attachment-large size-large wp-image-5620\" alt=\"\" \/>\t\t\t\t\t\t\t\t\t\t\t\t\t\t\t<\/div>\n\t\t\t\t\t<\/div>\n\t\t<\/div>\n\t\t\t\t<div class=\"elementor-column elementor-col-50 elementor-top-column elementor-element elementor-element-f7fbf81\" data-id=\"f7fbf81\" data-element_type=\"column\" data-e-type=\"column\">\n\t\t\t<div class=\"elementor-column-wrap--f7fbf81 elementor-widget-wrap elementor-element-populated\">\n\t\t\t\t\t\t<div class=\"elementor-element elementor-element-7eb9446 elementor-image--ch elementor-widget elementor-widget-image\" data-id=\"7eb9446\" data-element_type=\"widget\" data-e-type=\"widget\" data-widget_type=\"image.default\">\n\t\t\t\t\t\t\t\t\t\t\t\t\t\t\t<img loading=\"lazy\" decoding=\"async\" width=\"700\" height=\"620\" src=\"https:\/\/deqori.eu\/wp-content\/uploads\/2022\/03\/ueber-uns-2.jpg\" class=\"attachment-large size-large wp-image-5622\" alt=\"\" \/>\t\t\t\t\t\t\t\t\t\t\t\t\t\t\t<\/div>\n\t\t\t\t\t<\/div>\n\t\t<\/div>\n\t\t\t\t\t<\/div>\n\t\t<\/section>\n\t\t\t\t<section class=\"elementor-section elementor-top-section elementor-element elementor-element-1f67fb3 elementor-section-boxed elementor-section-height-default elementor-section-height-default\" data-id=\"1f67fb3\" data-element_type=\"section\" data-e-type=\"section\">\n\t\t\t\t\t\t<div class=\"elementor-container elementor-column-gap-default\">\n\t\t\t\t\t<div class=\"elementor-column elementor-col-50 elementor-top-column elementor-element elementor-element-2a9ebe6\" data-id=\"2a9ebe6\" data-element_type=\"column\" data-e-type=\"column\">\n\t\t\t<div class=\"elementor-column-wrap--2a9ebe6 elementor-widget-wrap elementor-element-populated\">\n\t\t\t\t\t\t<div class=\"elementor-element elementor-element-a5d7b26 elementor-image--ch elementor-widget elementor-widget-image\" data-id=\"a5d7b26\" data-element_type=\"widget\" data-e-type=\"widget\" data-widget_type=\"image.default\">\n\t\t\t\t\t\t\t\t\t\t\t\t\t\t\t<img loading=\"lazy\" decoding=\"async\" width=\"700\" height=\"620\" src=\"https:\/\/deqori.eu\/wp-content\/uploads\/2022\/03\/ueber-uns-3.jpg\" class=\"attachment-large size-large wp-image-5619\" alt=\"\" \/>\t\t\t\t\t\t\t\t\t\t\t\t\t\t\t<\/div>\n\t\t\t\t\t<\/div>\n\t\t<\/div>\n\t\t\t\t<div class=\"elementor-column elementor-col-50 elementor-top-column elementor-element elementor-element-54edc8a\" data-id=\"54edc8a\" data-element_type=\"column\" data-e-type=\"column\">\n\t\t\t<div class=\"elementor-column-wrap--54edc8a elementor-widget-wrap elementor-element-populated\">\n\t\t\t\t\t\t<div class=\"elementor-element elementor-element-5c61082 elementor-image--ch elementor-widget elementor-widget-image\" data-id=\"5c61082\" data-element_type=\"widget\" data-e-type=\"widget\" data-widget_type=\"image.default\">\n\t\t\t\t\t\t\t\t\t\t\t\t\t\t\t<img loading=\"lazy\" decoding=\"async\" width=\"1024\" height=\"366\" src=\"https:\/\/deqori.eu\/wp-content\/uploads\/2022\/03\/ueber-uns-4-v3-1024x366.jpg\" class=\"attachment-large size-large wp-image-5632\" alt=\"\" \/>\t\t\t\t\t\t\t\t\t\t\t\t\t\t\t<\/div>\n\t\t\t\t\t<\/div>\n\t\t<\/div>\n\t\t\t\t\t<\/div>\n\t\t<\/section>\n\t\t\t\t<\/div>\n\t\t","protected":false},"excerpt":{"rendered":"<p>eigene Produktion\u00a0 \u00a0 \u00a0 \u00a0 In vielen L\u00e4ndern vertreten \u00a0 \u00a0 \u00a0 B2B &amp; B2C Wir bringen kunstvolle Motive, individuelle Unikate und zeitlose Klassiker in deine vier W\u00e4nde.Ganz gleich in welchem EU-Land du deine Wohnf\u00fchloase hast, wir beliefern dich! F\u00dcR . DEINE . WOHNF\u00dcHLOASE . F\u00dcR . DEINE . WOHNF\u00dcHLOASE . Unsere Philosophie Unser Team [&hellip;]<\/p>\n","protected":false},"author":1,"featured_media":0,"parent":0,"menu_order":0,"comment_status":"closed","ping_status":"closed","template":"template-builder.php","meta":{"_acf_changed":false,"footnotes":""},"class_list":["post-38","page","type-page","status-publish","hentry","fpd-variation-needed"],"acf":[],"yoast_head":"<!-- This site is optimized with the Yoast SEO plugin v27.3 - https:\/\/yoast.com\/product\/yoast-seo-wordpress\/ -->\n<title>\u00dcber uns | Erfahrungen | DEQORI<\/title>\n<meta name=\"description\" content=\"DEQORI ist dein Onlineshop f\u00fcr Deko aus Glas uvm. \u2713 Eigenes Foto oder Motiv \u2713 gro\u00dfes Sortiment \u2713 direkt vom Hersteller \u2713 g\u00fcnstig &amp; hochwertig\" \/>\n<meta name=\"robots\" content=\"index, follow, max-snippet:-1, max-image-preview:large, max-video-preview:-1\" \/>\n<link rel=\"canonical\" href=\"https:\/\/deqori.eu\/de\/ueber-uns\/\" \/>\n<meta property=\"og:locale\" content=\"de_DE\" \/>\n<meta property=\"og:type\" content=\"article\" \/>\n<meta property=\"og:title\" content=\"\u00dcber uns | Erfahrungen | DEQORI\" \/>\n<meta property=\"og:description\" content=\"DEQORI ist dein Onlineshop f\u00fcr Deko aus Glas uvm. \u2713 Eigenes Foto oder Motiv \u2713 gro\u00dfes Sortiment \u2713 direkt vom Hersteller \u2713 g\u00fcnstig &amp; hochwertig\" \/>\n<meta property=\"og:url\" content=\"https:\/\/deqori.eu\/de\/ueber-uns\/\" \/>\n<meta property=\"og:site_name\" content=\"DEQORI\" \/>\n<meta property=\"article:publisher\" content=\"https:\/\/www.facebook.com\/deqorishop\/\" \/>\n<meta property=\"article:modified_time\" content=\"2022-04-15T10:40:26+00:00\" \/>\n<meta property=\"og:image\" content=\"https:\/\/deqori.eu\/wp-content\/uploads\/2022\/03\/ueber-uns-head.jpg\" \/>\n<meta name=\"twitter:card\" content=\"summary_large_image\" \/>\n<script type=\"application\/ld+json\" class=\"yoast-schema-graph\">{\"@context\":\"https:\\\/\\\/schema.org\",\"@graph\":[{\"@type\":\"WebPage\",\"@id\":\"https:\\\/\\\/deqori.eu\\\/de\\\/ueber-uns\\\/\",\"url\":\"https:\\\/\\\/deqori.eu\\\/de\\\/ueber-uns\\\/\",\"name\":\"\u00dcber uns | Erfahrungen | DEQORI\",\"isPartOf\":{\"@id\":\"https:\\\/\\\/deqori.eu\\\/de\\\/#website\"},\"primaryImageOfPage\":{\"@id\":\"https:\\\/\\\/deqori.eu\\\/de\\\/ueber-uns\\\/#primaryimage\"},\"image\":{\"@id\":\"https:\\\/\\\/deqori.eu\\\/de\\\/ueber-uns\\\/#primaryimage\"},\"thumbnailUrl\":\"https:\\\/\\\/deqori.eu\\\/wp-content\\\/uploads\\\/2022\\\/03\\\/ueber-uns-head.jpg\",\"datePublished\":\"2022-04-01T00:00:00+00:00\",\"dateModified\":\"2022-04-15T10:40:26+00:00\",\"description\":\"DEQORI ist dein Onlineshop f\u00fcr Deko aus Glas uvm. \u2713 Eigenes Foto oder Motiv \u2713 gro\u00dfes Sortiment \u2713 direkt vom Hersteller \u2713 g\u00fcnstig & hochwertig\",\"breadcrumb\":{\"@id\":\"https:\\\/\\\/deqori.eu\\\/de\\\/ueber-uns\\\/#breadcrumb\"},\"inLanguage\":\"de\",\"potentialAction\":[{\"@type\":\"ReadAction\",\"target\":[\"https:\\\/\\\/deqori.eu\\\/de\\\/ueber-uns\\\/\"]}]},{\"@type\":\"ImageObject\",\"inLanguage\":\"de\",\"@id\":\"https:\\\/\\\/deqori.eu\\\/de\\\/ueber-uns\\\/#primaryimage\",\"url\":\"https:\\\/\\\/deqori.eu\\\/wp-content\\\/uploads\\\/2022\\\/03\\\/ueber-uns-head.jpg\",\"contentUrl\":\"https:\\\/\\\/deqori.eu\\\/wp-content\\\/uploads\\\/2022\\\/03\\\/ueber-uns-head.jpg\"},{\"@type\":\"BreadcrumbList\",\"@id\":\"https:\\\/\\\/deqori.eu\\\/de\\\/ueber-uns\\\/#breadcrumb\",\"itemListElement\":[{\"@type\":\"ListItem\",\"position\":1,\"name\":\"Start\",\"item\":\"https:\\\/\\\/deqori.eu\\\/de\\\/\"},{\"@type\":\"ListItem\",\"position\":2,\"name\":\"\u00dcber Uns\"}]},{\"@type\":\"WebSite\",\"@id\":\"https:\\\/\\\/deqori.eu\\\/de\\\/#website\",\"url\":\"https:\\\/\\\/deqori.eu\\\/de\\\/\",\"name\":\"DEQORI\",\"description\":\"MOTIV-ierte Wandkunst f\u00fcr deine Wohnf\u00fchloase\",\"publisher\":{\"@id\":\"https:\\\/\\\/deqori.eu\\\/de\\\/#organization\"},\"potentialAction\":[{\"@type\":\"SearchAction\",\"target\":{\"@type\":\"EntryPoint\",\"urlTemplate\":\"https:\\\/\\\/deqori.eu\\\/de\\\/?s={search_term_string}\"},\"query-input\":{\"@type\":\"PropertyValueSpecification\",\"valueRequired\":true,\"valueName\":\"search_term_string\"}}],\"inLanguage\":\"de\"},{\"@type\":\"Organization\",\"@id\":\"https:\\\/\\\/deqori.eu\\\/de\\\/#organization\",\"name\":\"DEQORI\",\"url\":\"https:\\\/\\\/deqori.eu\\\/de\\\/\",\"logo\":{\"@type\":\"ImageObject\",\"inLanguage\":\"de\",\"@id\":\"https:\\\/\\\/deqori.eu\\\/de\\\/#\\\/schema\\\/logo\\\/image\\\/\",\"url\":\"https:\\\/\\\/deqori.eu\\\/wp-content\\\/uploads\\\/2022\\\/03\\\/deqori-logo-500px-blau-v3.png\",\"contentUrl\":\"https:\\\/\\\/deqori.eu\\\/wp-content\\\/uploads\\\/2022\\\/03\\\/deqori-logo-500px-blau-v3.png\",\"width\":500,\"height\":130,\"caption\":\"DEQORI\"},\"image\":{\"@id\":\"https:\\\/\\\/deqori.eu\\\/de\\\/#\\\/schema\\\/logo\\\/image\\\/\"},\"sameAs\":[\"https:\\\/\\\/www.facebook.com\\\/deqorishop\\\/\",\"https:\\\/\\\/www.instagram.com\\\/deqorishop\\\/\",\"https:\\\/\\\/www.pinterest.com\\\/deqorishop\\\/\"],\"hasMerchantReturnPolicy\":{\"@type\":\"MerchantReturnPolicy\",\"merchantReturnLink\":\"https:\\\/\\\/deqori.eu\\\/de\\\/widerruf\\\/\"}}]}<\/script>\n<!-- \/ Yoast SEO plugin. -->","yoast_head_json":{"title":"\u00dcber uns | Erfahrungen | DEQORI","description":"DEQORI ist dein Onlineshop f\u00fcr Deko aus Glas uvm. \u2713 Eigenes Foto oder Motiv \u2713 gro\u00dfes Sortiment \u2713 direkt vom Hersteller \u2713 g\u00fcnstig & hochwertig","robots":{"index":"index","follow":"follow","max-snippet":"max-snippet:-1","max-image-preview":"max-image-preview:large","max-video-preview":"max-video-preview:-1"},"canonical":"https:\/\/deqori.eu\/de\/ueber-uns\/","og_locale":"de_DE","og_type":"article","og_title":"\u00dcber uns | Erfahrungen | DEQORI","og_description":"DEQORI ist dein Onlineshop f\u00fcr Deko aus Glas uvm. \u2713 Eigenes Foto oder Motiv \u2713 gro\u00dfes Sortiment \u2713 direkt vom Hersteller \u2713 g\u00fcnstig & hochwertig","og_url":"https:\/\/deqori.eu\/de\/ueber-uns\/","og_site_name":"DEQORI","article_publisher":"https:\/\/www.facebook.com\/deqorishop\/","article_modified_time":"2022-04-15T10:40:26+00:00","og_image":[{"url":"https:\/\/deqori.eu\/wp-content\/uploads\/2022\/03\/ueber-uns-head.jpg","type":"","width":"","height":""}],"twitter_card":"summary_large_image","schema":{"@context":"https:\/\/schema.org","@graph":[{"@type":"WebPage","@id":"https:\/\/deqori.eu\/de\/ueber-uns\/","url":"https:\/\/deqori.eu\/de\/ueber-uns\/","name":"\u00dcber uns | Erfahrungen | DEQORI","isPartOf":{"@id":"https:\/\/deqori.eu\/de\/#website"},"primaryImageOfPage":{"@id":"https:\/\/deqori.eu\/de\/ueber-uns\/#primaryimage"},"image":{"@id":"https:\/\/deqori.eu\/de\/ueber-uns\/#primaryimage"},"thumbnailUrl":"https:\/\/deqori.eu\/wp-content\/uploads\/2022\/03\/ueber-uns-head.jpg","datePublished":"2022-04-01T00:00:00+00:00","dateModified":"2022-04-15T10:40:26+00:00","description":"DEQORI ist dein Onlineshop f\u00fcr Deko aus Glas uvm. \u2713 Eigenes Foto oder Motiv \u2713 gro\u00dfes Sortiment \u2713 direkt vom Hersteller \u2713 g\u00fcnstig & hochwertig","breadcrumb":{"@id":"https:\/\/deqori.eu\/de\/ueber-uns\/#breadcrumb"},"inLanguage":"de","potentialAction":[{"@type":"ReadAction","target":["https:\/\/deqori.eu\/de\/ueber-uns\/"]}]},{"@type":"ImageObject","inLanguage":"de","@id":"https:\/\/deqori.eu\/de\/ueber-uns\/#primaryimage","url":"https:\/\/deqori.eu\/wp-content\/uploads\/2022\/03\/ueber-uns-head.jpg","contentUrl":"https:\/\/deqori.eu\/wp-content\/uploads\/2022\/03\/ueber-uns-head.jpg"},{"@type":"BreadcrumbList","@id":"https:\/\/deqori.eu\/de\/ueber-uns\/#breadcrumb","itemListElement":[{"@type":"ListItem","position":1,"name":"Start","item":"https:\/\/deqori.eu\/de\/"},{"@type":"ListItem","position":2,"name":"\u00dcber Uns"}]},{"@type":"WebSite","@id":"https:\/\/deqori.eu\/de\/#website","url":"https:\/\/deqori.eu\/de\/","name":"DEQORI","description":"MOTIV-ierte Wandkunst f\u00fcr deine Wohnf\u00fchloase","publisher":{"@id":"https:\/\/deqori.eu\/de\/#organization"},"potentialAction":[{"@type":"SearchAction","target":{"@type":"EntryPoint","urlTemplate":"https:\/\/deqori.eu\/de\/?s={search_term_string}"},"query-input":{"@type":"PropertyValueSpecification","valueRequired":true,"valueName":"search_term_string"}}],"inLanguage":"de"},{"@type":"Organization","@id":"https:\/\/deqori.eu\/de\/#organization","name":"DEQORI","url":"https:\/\/deqori.eu\/de\/","logo":{"@type":"ImageObject","inLanguage":"de","@id":"https:\/\/deqori.eu\/de\/#\/schema\/logo\/image\/","url":"https:\/\/deqori.eu\/wp-content\/uploads\/2022\/03\/deqori-logo-500px-blau-v3.png","contentUrl":"https:\/\/deqori.eu\/wp-content\/uploads\/2022\/03\/deqori-logo-500px-blau-v3.png","width":500,"height":130,"caption":"DEQORI"},"image":{"@id":"https:\/\/deqori.eu\/de\/#\/schema\/logo\/image\/"},"sameAs":["https:\/\/www.facebook.com\/deqorishop\/","https:\/\/www.instagram.com\/deqorishop\/","https:\/\/www.pinterest.com\/deqorishop\/"],"hasMerchantReturnPolicy":{"@type":"MerchantReturnPolicy","merchantReturnLink":"https:\/\/deqori.eu\/de\/widerruf\/"}}]}},"_links":{"self":[{"href":"https:\/\/deqori.eu\/de\/wp-json\/wp\/v2\/pages\/38","targetHints":{"allow":["GET"]}}],"collection":[{"href":"https:\/\/deqori.eu\/de\/wp-json\/wp\/v2\/pages"}],"about":[{"href":"https:\/\/deqori.eu\/de\/wp-json\/wp\/v2\/types\/page"}],"author":[{"embeddable":true,"href":"https:\/\/deqori.eu\/de\/wp-json\/wp\/v2\/users\/1"}],"replies":[{"embeddable":true,"href":"https:\/\/deqori.eu\/de\/wp-json\/wp\/v2\/comments?post=38"}],"version-history":[{"count":0,"href":"https:\/\/deqori.eu\/de\/wp-json\/wp\/v2\/pages\/38\/revisions"}],"wp:attachment":[{"href":"https:\/\/deqori.eu\/de\/wp-json\/wp\/v2\/media?parent=38"}],"curies":[{"name":"wp","href":"https:\/\/api.w.org\/{rel}","templated":true}]}}