{"id":537095,"date":"2023-07-29T02:05:27","date_gmt":"2023-07-29T02:05:27","guid":{"rendered":"https:\/\/deqori.eu\/?page_id=537095"},"modified":"2024-04-22T11:44:02","modified_gmt":"2024-04-22T11:44:02","slug":"echtheit-von-bewertungen","status":"publish","type":"page","link":"https:\/\/deqori.eu\/de\/echtheit-von-bewertungen\/","title":{"rendered":"Echtheit von Bewertungen"},"content":{"rendered":"\t\t<div data-elementor-type=\"wp-page\" data-elementor-id=\"537095\" class=\"elementor elementor-537095\">\n\t\t\t\t\t\t<section class=\"elementor-section elementor-top-section elementor-element elementor-element-63983cc elementor-section-boxed elementor-section-height-default elementor-section-height-default\" data-id=\"63983cc\" data-element_type=\"section\" data-e-type=\"section\">\n\t\t\t\t\t\t<div class=\"elementor-container elementor-column-gap-default\">\n\t\t\t\t\t<div class=\"elementor-column elementor-col-50 elementor-top-column elementor-element elementor-element-3b2a2a3\" data-id=\"3b2a2a3\" data-element_type=\"column\" data-e-type=\"column\">\n\t\t\t<div class=\"elementor-column-wrap--3b2a2a3 elementor-widget-wrap elementor-element-populated\">\n\t\t\t\t\t\t<div class=\"elementor-element elementor-element-9bcf878 elementor-widget elementor-widget-text-editor\" data-id=\"9bcf878\" data-element_type=\"widget\" data-e-type=\"widget\" data-widget_type=\"text-editor.default\">\n\t\t\t\t\t\t\t\t\t<p>Jede Verbraucherbewertung wird vor ihrer Ver\u00f6ffentlichung auf ihre Echtheit \u00fcberpr\u00fcft, sodass sichergestellt ist, dass Bewertungen nur von Verbrauchern stammen, die die bewerteten Produkte auch tats\u00e4chlich erworben\/genutzt haben.<\/p>\n<p>Die \u00dcberpr\u00fcfung geschieht dadurch, dass die M\u00f6glichkeit einer Bewertungsabgabe von einer vorherigen Anmeldung in einem registrierten Kundenkonto abh\u00e4ngig gemacht wird, von dem aus ein Kauf get\u00e4tigt wurde.<\/p>\t\t\t\t\t\t\t\t<\/div>\n\t\t\t\t\t<\/div>\n\t\t<\/div>\n\t\t\t\t<div class=\"elementor-column elementor-col-50 elementor-top-column elementor-element elementor-element-494d39d elementor-hidden-tablet elementor-hidden-mobile\" data-id=\"494d39d\" data-element_type=\"column\" data-e-type=\"column\">\n\t\t\t<div class=\"elementor-column-wrap--494d39d elementor-widget-wrap\">\n\t\t\t\t\t\t\t<\/div>\n\t\t<\/div>\n\t\t\t\t\t<\/div>\n\t\t<\/section>\n\t\t\t\t<\/div>\n\t\t","protected":false},"excerpt":{"rendered":"<p>Jede Verbraucherbewertung wird vor ihrer Ver\u00f6ffentlichung auf ihre Echtheit \u00fcberpr\u00fcft, sodass sichergestellt ist, dass Bewertungen nur von Verbrauchern stammen, die die bewerteten Produkte auch tats\u00e4chlich erworben\/genutzt haben. Die \u00dcberpr\u00fcfung geschieht dadurch, dass die M\u00f6glichkeit einer Bewertungsabgabe von einer vorherigen Anmeldung in einem registrierten Kundenkonto abh\u00e4ngig gemacht wird, von dem aus ein Kauf get\u00e4tigt wurde.<\/p>\n","protected":false},"author":1,"featured_media":0,"parent":0,"menu_order":0,"comment_status":"closed","ping_status":"closed","template":"","meta":{"_acf_changed":false,"footnotes":""},"class_list":["post-537095","page","type-page","status-publish","hentry","fpd-variation-needed"],"acf":[],"yoast_head":"<!-- This site is optimized with the Yoast SEO plugin v27.2 - https:\/\/yoast.com\/product\/yoast-seo-wordpress\/ -->\n<title>Echtheit von Bewertungen | DEQORI<\/title>\n<meta name=\"robots\" content=\"index, follow, max-snippet:-1, max-image-preview:large, max-video-preview:-1\" \/>\n<link rel=\"canonical\" href=\"https:\/\/deqori.eu\/de\/echtheit-von-bewertungen\/\" \/>\n<meta property=\"og:locale\" content=\"de_DE\" \/>\n<meta property=\"og:type\" content=\"article\" \/>\n<meta property=\"og:title\" content=\"Echtheit von Bewertungen | DEQORI\" \/>\n<meta property=\"og:description\" content=\"Jede Verbraucherbewertung wird vor ihrer Ver\u00f6ffentlichung auf ihre Echtheit \u00fcberpr\u00fcft, sodass sichergestellt ist, dass Bewertungen nur von Verbrauchern stammen, die die bewerteten Produkte auch tats\u00e4chlich erworben\/genutzt haben. Die \u00dcberpr\u00fcfung geschieht dadurch, dass die M\u00f6glichkeit einer Bewertungsabgabe von einer vorherigen Anmeldung in einem registrierten Kundenkonto abh\u00e4ngig gemacht wird, von dem aus ein Kauf get\u00e4tigt wurde.\" \/>\n<meta property=\"og:url\" content=\"https:\/\/deqori.eu\/de\/echtheit-von-bewertungen\/\" \/>\n<meta property=\"og:site_name\" content=\"DEQORI\" \/>\n<meta property=\"article:publisher\" content=\"https:\/\/www.facebook.com\/deqorishop\/\" \/>\n<meta property=\"article:modified_time\" content=\"2024-04-22T11:44:02+00:00\" \/>\n<meta property=\"og:image\" content=\"https:\/\/deqori.eu\/wp-content\/uploads\/2022\/04\/head-part-II.jpg\" \/>\n\t<meta property=\"og:image:width\" content=\"1830\" \/>\n\t<meta property=\"og:image:height\" content=\"800\" \/>\n\t<meta property=\"og:image:type\" content=\"image\/jpeg\" \/>\n<meta name=\"twitter:card\" content=\"summary_large_image\" \/>\n<script type=\"application\/ld+json\" class=\"yoast-schema-graph\">{\"@context\":\"https:\/\/schema.org\",\"@graph\":[{\"@type\":\"WebPage\",\"@id\":\"https:\/\/deqori.eu\/de\/echtheit-von-bewertungen\/\",\"url\":\"https:\/\/deqori.eu\/de\/echtheit-von-bewertungen\/\",\"name\":\"Echtheit von Bewertungen | DEQORI\",\"isPartOf\":{\"@id\":\"https:\/\/deqori.eu\/de\/#website\"},\"datePublished\":\"2023-07-29T02:05:27+00:00\",\"dateModified\":\"2024-04-22T11:44:02+00:00\",\"breadcrumb\":{\"@id\":\"https:\/\/deqori.eu\/de\/echtheit-von-bewertungen\/#breadcrumb\"},\"inLanguage\":\"de\",\"potentialAction\":[{\"@type\":\"ReadAction\",\"target\":[\"https:\/\/deqori.eu\/de\/echtheit-von-bewertungen\/\"]}]},{\"@type\":\"BreadcrumbList\",\"@id\":\"https:\/\/deqori.eu\/de\/echtheit-von-bewertungen\/#breadcrumb\",\"itemListElement\":[{\"@type\":\"ListItem\",\"position\":1,\"name\":\"Start\",\"item\":\"https:\/\/deqori.eu\/de\/\"},{\"@type\":\"ListItem\",\"position\":2,\"name\":\"Echtheit von Bewertungen\"}]},{\"@type\":\"WebSite\",\"@id\":\"https:\/\/deqori.eu\/de\/#website\",\"url\":\"https:\/\/deqori.eu\/de\/\",\"name\":\"DEQORI\",\"description\":\"MOTIV-ierte Wandkunst f\u00fcr deine Wohnf\u00fchloase\",\"publisher\":{\"@id\":\"https:\/\/deqori.eu\/de\/#organization\"},\"potentialAction\":[{\"@type\":\"SearchAction\",\"target\":{\"@type\":\"EntryPoint\",\"urlTemplate\":\"https:\/\/deqori.eu\/de\/?s={search_term_string}\"},\"query-input\":{\"@type\":\"PropertyValueSpecification\",\"valueRequired\":true,\"valueName\":\"search_term_string\"}}],\"inLanguage\":\"de\"},{\"@type\":\"Organization\",\"@id\":\"https:\/\/deqori.eu\/de\/#organization\",\"name\":\"DEQORI\",\"url\":\"https:\/\/deqori.eu\/de\/\",\"logo\":{\"@type\":\"ImageObject\",\"inLanguage\":\"de\",\"@id\":\"https:\/\/deqori.eu\/de\/#\/schema\/logo\/image\/\",\"url\":\"https:\/\/deqori.eu\/wp-content\/uploads\/2022\/03\/deqori-logo-500px-blau-v3.png\",\"contentUrl\":\"https:\/\/deqori.eu\/wp-content\/uploads\/2022\/03\/deqori-logo-500px-blau-v3.png\",\"width\":500,\"height\":130,\"caption\":\"DEQORI\"},\"image\":{\"@id\":\"https:\/\/deqori.eu\/de\/#\/schema\/logo\/image\/\"},\"sameAs\":[\"https:\/\/www.facebook.com\/deqorishop\/\",\"https:\/\/www.instagram.com\/deqorishop\/\",\"https:\/\/www.pinterest.com\/deqorishop\/\"],\"hasMerchantReturnPolicy\":{\"@type\":\"MerchantReturnPolicy\",\"merchantReturnLink\":\"https:\/\/deqori.eu\/de\/widerruf\/\"}}]}<\/script>\n<!-- \/ Yoast SEO plugin. -->","yoast_head_json":{"title":"Echtheit von Bewertungen | DEQORI","robots":{"index":"index","follow":"follow","max-snippet":"max-snippet:-1","max-image-preview":"max-image-preview:large","max-video-preview":"max-video-preview:-1"},"canonical":"https:\/\/deqori.eu\/de\/echtheit-von-bewertungen\/","og_locale":"de_DE","og_type":"article","og_title":"Echtheit von Bewertungen | DEQORI","og_description":"Jede Verbraucherbewertung wird vor ihrer Ver\u00f6ffentlichung auf ihre Echtheit \u00fcberpr\u00fcft, sodass sichergestellt ist, dass Bewertungen nur von Verbrauchern stammen, die die bewerteten Produkte auch tats\u00e4chlich erworben\/genutzt haben. Die \u00dcberpr\u00fcfung geschieht dadurch, dass die M\u00f6glichkeit einer Bewertungsabgabe von einer vorherigen Anmeldung in einem registrierten Kundenkonto abh\u00e4ngig gemacht wird, von dem aus ein Kauf get\u00e4tigt wurde.","og_url":"https:\/\/deqori.eu\/de\/echtheit-von-bewertungen\/","og_site_name":"DEQORI","article_publisher":"https:\/\/www.facebook.com\/deqorishop\/","article_modified_time":"2024-04-22T11:44:02+00:00","og_image":[{"width":1830,"height":800,"url":"https:\/\/deqori.eu\/wp-content\/uploads\/2022\/04\/head-part-II.jpg","type":"image\/jpeg"}],"twitter_card":"summary_large_image","schema":{"@context":"https:\/\/schema.org","@graph":[{"@type":"WebPage","@id":"https:\/\/deqori.eu\/de\/echtheit-von-bewertungen\/","url":"https:\/\/deqori.eu\/de\/echtheit-von-bewertungen\/","name":"Echtheit von Bewertungen | DEQORI","isPartOf":{"@id":"https:\/\/deqori.eu\/de\/#website"},"datePublished":"2023-07-29T02:05:27+00:00","dateModified":"2024-04-22T11:44:02+00:00","breadcrumb":{"@id":"https:\/\/deqori.eu\/de\/echtheit-von-bewertungen\/#breadcrumb"},"inLanguage":"de","potentialAction":[{"@type":"ReadAction","target":["https:\/\/deqori.eu\/de\/echtheit-von-bewertungen\/"]}]},{"@type":"BreadcrumbList","@id":"https:\/\/deqori.eu\/de\/echtheit-von-bewertungen\/#breadcrumb","itemListElement":[{"@type":"ListItem","position":1,"name":"Start","item":"https:\/\/deqori.eu\/de\/"},{"@type":"ListItem","position":2,"name":"Echtheit von Bewertungen"}]},{"@type":"WebSite","@id":"https:\/\/deqori.eu\/de\/#website","url":"https:\/\/deqori.eu\/de\/","name":"DEQORI","description":"MOTIV-ierte Wandkunst f\u00fcr deine Wohnf\u00fchloase","publisher":{"@id":"https:\/\/deqori.eu\/de\/#organization"},"potentialAction":[{"@type":"SearchAction","target":{"@type":"EntryPoint","urlTemplate":"https:\/\/deqori.eu\/de\/?s={search_term_string}"},"query-input":{"@type":"PropertyValueSpecification","valueRequired":true,"valueName":"search_term_string"}}],"inLanguage":"de"},{"@type":"Organization","@id":"https:\/\/deqori.eu\/de\/#organization","name":"DEQORI","url":"https:\/\/deqori.eu\/de\/","logo":{"@type":"ImageObject","inLanguage":"de","@id":"https:\/\/deqori.eu\/de\/#\/schema\/logo\/image\/","url":"https:\/\/deqori.eu\/wp-content\/uploads\/2022\/03\/deqori-logo-500px-blau-v3.png","contentUrl":"https:\/\/deqori.eu\/wp-content\/uploads\/2022\/03\/deqori-logo-500px-blau-v3.png","width":500,"height":130,"caption":"DEQORI"},"image":{"@id":"https:\/\/deqori.eu\/de\/#\/schema\/logo\/image\/"},"sameAs":["https:\/\/www.facebook.com\/deqorishop\/","https:\/\/www.instagram.com\/deqorishop\/","https:\/\/www.pinterest.com\/deqorishop\/"],"hasMerchantReturnPolicy":{"@type":"MerchantReturnPolicy","merchantReturnLink":"https:\/\/deqori.eu\/de\/widerruf\/"}}]}},"_links":{"self":[{"href":"https:\/\/deqori.eu\/de\/wp-json\/wp\/v2\/pages\/537095","targetHints":{"allow":["GET"]}}],"collection":[{"href":"https:\/\/deqori.eu\/de\/wp-json\/wp\/v2\/pages"}],"about":[{"href":"https:\/\/deqori.eu\/de\/wp-json\/wp\/v2\/types\/page"}],"author":[{"embeddable":true,"href":"https:\/\/deqori.eu\/de\/wp-json\/wp\/v2\/users\/1"}],"replies":[{"embeddable":true,"href":"https:\/\/deqori.eu\/de\/wp-json\/wp\/v2\/comments?post=537095"}],"version-history":[{"count":0,"href":"https:\/\/deqori.eu\/de\/wp-json\/wp\/v2\/pages\/537095\/revisions"}],"wp:attachment":[{"href":"https:\/\/deqori.eu\/de\/wp-json\/wp\/v2\/media?parent=537095"}],"curies":[{"name":"wp","href":"https:\/\/api.w.org\/{rel}","templated":true}]}}