{"id":598603,"date":"2024-07-05T13:49:37","date_gmt":"2024-07-05T13:49:37","guid":{"rendered":"https:\/\/deqori.eu\/?post_type=product&#038;p=598603"},"modified":"2024-08-24T11:20:21","modified_gmt":"2024-08-24T11:20:21","slug":"starke-neodym-magnete-4-stk","status":"publish","type":"product","link":"https:\/\/deqori.eu\/de\/shop\/zubehoer-ersatzteile\/starke-neodym-magnete-4-stk\/","title":{"rendered":"Starke Neodym-Magnete (4 Stk.)"},"content":{"rendered":"<p>Entdecken Sie das hochwertige Set aus <strong>vier Neodym Magnete von DEQORI<\/strong> \u2013 die perfekte L\u00f6sung f\u00fcr Ihre Magnettafeln und Schl\u00fcsselk\u00e4sten und andere Produkte aus Glas. Diese besonders starken Magnete, auch als Supermagnete bekannt, bieten eine au\u00dfergew\u00f6hnliche Haftkraft und sind ideal, um Notizen, Postkarten, Zettel oder andere wichtige Gegenst\u00e4nde sicher zu befestigen. Hergestellt aus robustem Material, zeichnen sie sich durch ihre hohe mechanische Widerstandsf\u00e4higkeit aus und bleiben auch bei intensiver Nutzung zuverl\u00e4ssig. Vertrauen Sie auf die Qualit\u00e4t und St\u00e4rke dieser Neodym Magnete und gestalten Sie Ihren Alltag organisiert und stilvoll. Bestellen Sie jetzt bei DEQORI und erleben Sie die unschlagbare Kraft der Neodym Magnete!<\/p>\n","protected":false},"excerpt":{"rendered":"<ul>\n<li>4x Neodym-Magnete<\/li>\n<li>ideal f\u00fcr Magnettafeln aus Glas<\/li>\n<li>besonders stark<\/li>\n<\/ul>\n","protected":false},"featured_media":598651,"comment_status":"open","ping_status":"closed","template":"","meta":{"_acf_changed":false},"product_brand":[],"product_cat":[394],"product_tag":[13726,13728,13724,13727,13729,13730],"class_list":{"0":"post-598603","1":"product","2":"type-product","3":"status-publish","4":"has-post-thumbnail","6":"product_cat-zubehoer-ersatzteile","7":"product_tag-extra-stark","8":"product_tag-magnete","9":"product_tag-neodym","10":"product_tag-neodymium","11":"product_tag-sparset","12":"product_tag-supermagnete","13":"product_shipping_class-paket-s","14":"pa_farbe-silber","15":"fpd-variation-needed","17":"first","18":"instock","19":"taxable","20":"shipping-taxable","21":"purchasable","22":"product-type-simple","swatches":"rey-swatches","show_selected":""},"acf":[],"yoast_head":"<!-- This site is optimized with the Yoast SEO plugin v27.3 - https:\/\/yoast.com\/product\/yoast-seo-wordpress\/ -->\n<title>4x starke Neodym Magnete \u2013 ideal f\u00fcr Glas-Magnettafeln<\/title>\n<meta name=\"description\" content=\"Entdecke unser Set aus 4 super starken Neodym Magneten. Perfekt f\u00fcr Glas-Magnettafeln. Jetzt kaufen und Ordnung schaffen!\" \/>\n<meta name=\"robots\" content=\"index, follow, max-snippet:-1, max-image-preview:large, max-video-preview:-1\" \/>\n<link rel=\"canonical\" href=\"https:\/\/deqori.eu\/de\/shop\/zubehoer-ersatzteile\/starke-neodym-magnete-4-stk\/\" \/>\n<meta property=\"og:locale\" content=\"de_DE\" \/>\n<meta property=\"og:type\" content=\"article\" \/>\n<meta property=\"og:title\" content=\"4x starke Neodym Magnete \u2013 ideal f\u00fcr Glas-Magnettafeln\" \/>\n<meta property=\"og:description\" content=\"Entdecke unser Set aus 4 super starken Neodym Magneten. Perfekt f\u00fcr Glas-Magnettafeln. Jetzt kaufen und Ordnung schaffen!\" \/>\n<meta property=\"og:url\" content=\"https:\/\/deqori.eu\/de\/shop\/zubehoer-ersatzteile\/starke-neodym-magnete-4-stk\/\" \/>\n<meta property=\"og:site_name\" content=\"DEQORI\" \/>\n<meta property=\"article:publisher\" content=\"https:\/\/www.facebook.com\/deqorishop\/\" \/>\n<meta property=\"article:modified_time\" content=\"2024-08-24T11:20:21+00:00\" \/>\n<meta property=\"og:image\" content=\"https:\/\/deqori.eu\/wp-content\/uploads\/2024\/07\/1-AC-002.jpg\" \/>\n\t<meta property=\"og:image:width\" content=\"1500\" \/>\n\t<meta property=\"og:image:height\" content=\"1500\" \/>\n\t<meta property=\"og:image:type\" content=\"image\/jpeg\" \/>\n<meta name=\"twitter:card\" content=\"summary_large_image\" \/>\n<script type=\"application\/ld+json\" class=\"yoast-schema-graph\">{\"@context\":\"https:\\\/\\\/schema.org\",\"@graph\":[{\"@type\":\"WebPage\",\"@id\":\"https:\\\/\\\/deqori.eu\\\/de\\\/shop\\\/zubehoer-ersatzteile\\\/starke-neodym-magnete-4-stk\\\/\",\"url\":\"https:\\\/\\\/deqori.eu\\\/de\\\/shop\\\/zubehoer-ersatzteile\\\/starke-neodym-magnete-4-stk\\\/\",\"name\":\"4x starke Neodym Magnete \u2013 ideal f\u00fcr Glas-Magnettafeln\",\"isPartOf\":{\"@id\":\"https:\\\/\\\/deqori.eu\\\/de\\\/#website\"},\"primaryImageOfPage\":{\"@id\":\"https:\\\/\\\/deqori.eu\\\/de\\\/shop\\\/zubehoer-ersatzteile\\\/starke-neodym-magnete-4-stk\\\/#primaryimage\"},\"image\":{\"@id\":\"https:\\\/\\\/deqori.eu\\\/de\\\/shop\\\/zubehoer-ersatzteile\\\/starke-neodym-magnete-4-stk\\\/#primaryimage\"},\"thumbnailUrl\":\"https:\\\/\\\/deqori.eu\\\/wp-content\\\/uploads\\\/2024\\\/07\\\/1-AC-002.jpg\",\"datePublished\":\"2024-07-05T13:49:37+00:00\",\"dateModified\":\"2024-08-24T11:20:21+00:00\",\"description\":\"Entdecke unser Set aus 4 super starken Neodym Magneten. Perfekt f\u00fcr Glas-Magnettafeln. Jetzt kaufen und Ordnung schaffen!\",\"breadcrumb\":{\"@id\":\"https:\\\/\\\/deqori.eu\\\/de\\\/shop\\\/zubehoer-ersatzteile\\\/starke-neodym-magnete-4-stk\\\/#breadcrumb\"},\"inLanguage\":\"de\",\"potentialAction\":[{\"@type\":\"ReadAction\",\"target\":[\"https:\\\/\\\/deqori.eu\\\/de\\\/shop\\\/zubehoer-ersatzteile\\\/starke-neodym-magnete-4-stk\\\/\"]}]},{\"@type\":\"ImageObject\",\"inLanguage\":\"de\",\"@id\":\"https:\\\/\\\/deqori.eu\\\/de\\\/shop\\\/zubehoer-ersatzteile\\\/starke-neodym-magnete-4-stk\\\/#primaryimage\",\"url\":\"https:\\\/\\\/deqori.eu\\\/wp-content\\\/uploads\\\/2024\\\/07\\\/1-AC-002.jpg\",\"contentUrl\":\"https:\\\/\\\/deqori.eu\\\/wp-content\\\/uploads\\\/2024\\\/07\\\/1-AC-002.jpg\",\"width\":1500,\"height\":1500},{\"@type\":\"BreadcrumbList\",\"@id\":\"https:\\\/\\\/deqori.eu\\\/de\\\/shop\\\/zubehoer-ersatzteile\\\/starke-neodym-magnete-4-stk\\\/#breadcrumb\",\"itemListElement\":[{\"@type\":\"ListItem\",\"position\":1,\"name\":\"Start\",\"item\":\"https:\\\/\\\/deqori.eu\\\/de\\\/\"},{\"@type\":\"ListItem\",\"position\":2,\"name\":\"Shop\",\"item\":\"https:\\\/\\\/deqori.eu\\\/de\\\/shop\\\/\"},{\"@type\":\"ListItem\",\"position\":3,\"name\":\"Starke Neodym-Magnete (4 Stk.)\"}]},{\"@type\":\"WebSite\",\"@id\":\"https:\\\/\\\/deqori.eu\\\/de\\\/#website\",\"url\":\"https:\\\/\\\/deqori.eu\\\/de\\\/\",\"name\":\"DEQORI\",\"description\":\"MOTIV-ierte Wandkunst f\u00fcr deine Wohnf\u00fchloase\",\"publisher\":{\"@id\":\"https:\\\/\\\/deqori.eu\\\/de\\\/#organization\"},\"potentialAction\":[{\"@type\":\"SearchAction\",\"target\":{\"@type\":\"EntryPoint\",\"urlTemplate\":\"https:\\\/\\\/deqori.eu\\\/de\\\/?s={search_term_string}\"},\"query-input\":{\"@type\":\"PropertyValueSpecification\",\"valueRequired\":true,\"valueName\":\"search_term_string\"}}],\"inLanguage\":\"de\"},{\"@type\":\"Organization\",\"@id\":\"https:\\\/\\\/deqori.eu\\\/de\\\/#organization\",\"name\":\"DEQORI\",\"url\":\"https:\\\/\\\/deqori.eu\\\/de\\\/\",\"logo\":{\"@type\":\"ImageObject\",\"inLanguage\":\"de\",\"@id\":\"https:\\\/\\\/deqori.eu\\\/de\\\/#\\\/schema\\\/logo\\\/image\\\/\",\"url\":\"https:\\\/\\\/deqori.eu\\\/wp-content\\\/uploads\\\/2022\\\/03\\\/deqori-logo-500px-blau-v3.png\",\"contentUrl\":\"https:\\\/\\\/deqori.eu\\\/wp-content\\\/uploads\\\/2022\\\/03\\\/deqori-logo-500px-blau-v3.png\",\"width\":500,\"height\":130,\"caption\":\"DEQORI\"},\"image\":{\"@id\":\"https:\\\/\\\/deqori.eu\\\/de\\\/#\\\/schema\\\/logo\\\/image\\\/\"},\"sameAs\":[\"https:\\\/\\\/www.facebook.com\\\/deqorishop\\\/\",\"https:\\\/\\\/www.instagram.com\\\/deqorishop\\\/\",\"https:\\\/\\\/www.pinterest.com\\\/deqorishop\\\/\"],\"hasMerchantReturnPolicy\":{\"@type\":\"MerchantReturnPolicy\",\"merchantReturnLink\":\"https:\\\/\\\/deqori.eu\\\/de\\\/widerruf\\\/\"}}]}<\/script>\n<meta property=\"product:price:amount\" content=\"9.90\" \/>\n<meta property=\"product:price:currency\" content=\"EUR\" \/>\n<meta property=\"og:availability\" content=\"instock\" \/>\n<meta property=\"product:availability\" content=\"instock\" \/>\n<meta property=\"product:retailer_item_id\" content=\"AC-002\" \/>\n<meta property=\"product:condition\" content=\"new\" \/>\n<!-- \/ Yoast SEO plugin. -->","yoast_head_json":{"title":"4x starke Neodym Magnete \u2013 ideal f\u00fcr Glas-Magnettafeln","description":"Entdecke unser Set aus 4 super starken Neodym Magneten. Perfekt f\u00fcr Glas-Magnettafeln. Jetzt kaufen und Ordnung schaffen!","robots":{"index":"index","follow":"follow","max-snippet":"max-snippet:-1","max-image-preview":"max-image-preview:large","max-video-preview":"max-video-preview:-1"},"canonical":"https:\/\/deqori.eu\/de\/shop\/zubehoer-ersatzteile\/starke-neodym-magnete-4-stk\/","og_locale":"de_DE","og_type":"article","og_title":"4x starke Neodym Magnete \u2013 ideal f\u00fcr Glas-Magnettafeln","og_description":"Entdecke unser Set aus 4 super starken Neodym Magneten. Perfekt f\u00fcr Glas-Magnettafeln. Jetzt kaufen und Ordnung schaffen!","og_url":"https:\/\/deqori.eu\/de\/shop\/zubehoer-ersatzteile\/starke-neodym-magnete-4-stk\/","og_site_name":"DEQORI","article_publisher":"https:\/\/www.facebook.com\/deqorishop\/","article_modified_time":"2024-08-24T11:20:21+00:00","og_image":[{"width":1500,"height":1500,"url":"https:\/\/deqori.eu\/wp-content\/uploads\/2024\/07\/1-AC-002.jpg","type":"image\/jpeg"}],"twitter_card":"summary_large_image","schema":{"@context":"https:\/\/schema.org","@graph":[{"@type":"WebPage","@id":"https:\/\/deqori.eu\/de\/shop\/zubehoer-ersatzteile\/starke-neodym-magnete-4-stk\/","url":"https:\/\/deqori.eu\/de\/shop\/zubehoer-ersatzteile\/starke-neodym-magnete-4-stk\/","name":"4x starke Neodym Magnete \u2013 ideal f\u00fcr Glas-Magnettafeln","isPartOf":{"@id":"https:\/\/deqori.eu\/de\/#website"},"primaryImageOfPage":{"@id":"https:\/\/deqori.eu\/de\/shop\/zubehoer-ersatzteile\/starke-neodym-magnete-4-stk\/#primaryimage"},"image":{"@id":"https:\/\/deqori.eu\/de\/shop\/zubehoer-ersatzteile\/starke-neodym-magnete-4-stk\/#primaryimage"},"thumbnailUrl":"https:\/\/deqori.eu\/wp-content\/uploads\/2024\/07\/1-AC-002.jpg","datePublished":"2024-07-05T13:49:37+00:00","dateModified":"2024-08-24T11:20:21+00:00","description":"Entdecke unser Set aus 4 super starken Neodym Magneten. Perfekt f\u00fcr Glas-Magnettafeln. Jetzt kaufen und Ordnung schaffen!","breadcrumb":{"@id":"https:\/\/deqori.eu\/de\/shop\/zubehoer-ersatzteile\/starke-neodym-magnete-4-stk\/#breadcrumb"},"inLanguage":"de","potentialAction":[{"@type":"ReadAction","target":["https:\/\/deqori.eu\/de\/shop\/zubehoer-ersatzteile\/starke-neodym-magnete-4-stk\/"]}]},{"@type":"ImageObject","inLanguage":"de","@id":"https:\/\/deqori.eu\/de\/shop\/zubehoer-ersatzteile\/starke-neodym-magnete-4-stk\/#primaryimage","url":"https:\/\/deqori.eu\/wp-content\/uploads\/2024\/07\/1-AC-002.jpg","contentUrl":"https:\/\/deqori.eu\/wp-content\/uploads\/2024\/07\/1-AC-002.jpg","width":1500,"height":1500},{"@type":"BreadcrumbList","@id":"https:\/\/deqori.eu\/de\/shop\/zubehoer-ersatzteile\/starke-neodym-magnete-4-stk\/#breadcrumb","itemListElement":[{"@type":"ListItem","position":1,"name":"Start","item":"https:\/\/deqori.eu\/de\/"},{"@type":"ListItem","position":2,"name":"Shop","item":"https:\/\/deqori.eu\/de\/shop\/"},{"@type":"ListItem","position":3,"name":"Starke Neodym-Magnete (4 Stk.)"}]},{"@type":"WebSite","@id":"https:\/\/deqori.eu\/de\/#website","url":"https:\/\/deqori.eu\/de\/","name":"DEQORI","description":"MOTIV-ierte Wandkunst f\u00fcr deine Wohnf\u00fchloase","publisher":{"@id":"https:\/\/deqori.eu\/de\/#organization"},"potentialAction":[{"@type":"SearchAction","target":{"@type":"EntryPoint","urlTemplate":"https:\/\/deqori.eu\/de\/?s={search_term_string}"},"query-input":{"@type":"PropertyValueSpecification","valueRequired":true,"valueName":"search_term_string"}}],"inLanguage":"de"},{"@type":"Organization","@id":"https:\/\/deqori.eu\/de\/#organization","name":"DEQORI","url":"https:\/\/deqori.eu\/de\/","logo":{"@type":"ImageObject","inLanguage":"de","@id":"https:\/\/deqori.eu\/de\/#\/schema\/logo\/image\/","url":"https:\/\/deqori.eu\/wp-content\/uploads\/2022\/03\/deqori-logo-500px-blau-v3.png","contentUrl":"https:\/\/deqori.eu\/wp-content\/uploads\/2022\/03\/deqori-logo-500px-blau-v3.png","width":500,"height":130,"caption":"DEQORI"},"image":{"@id":"https:\/\/deqori.eu\/de\/#\/schema\/logo\/image\/"},"sameAs":["https:\/\/www.facebook.com\/deqorishop\/","https:\/\/www.instagram.com\/deqorishop\/","https:\/\/www.pinterest.com\/deqorishop\/"],"hasMerchantReturnPolicy":{"@type":"MerchantReturnPolicy","merchantReturnLink":"https:\/\/deqori.eu\/de\/widerruf\/"}}]},"product_price_amount":"9.90","product_price_currency":"EUR","og_availability":"instock","product_availability":"instock","product_retailer_item_id":"AC-002","product_condition":"new"},"_links":{"self":[{"href":"https:\/\/deqori.eu\/de\/wp-json\/wp\/v2\/product\/598603","targetHints":{"allow":["GET"]}}],"collection":[{"href":"https:\/\/deqori.eu\/de\/wp-json\/wp\/v2\/product"}],"about":[{"href":"https:\/\/deqori.eu\/de\/wp-json\/wp\/v2\/types\/product"}],"replies":[{"embeddable":true,"href":"https:\/\/deqori.eu\/de\/wp-json\/wp\/v2\/comments?post=598603"}],"version-history":[{"count":0,"href":"https:\/\/deqori.eu\/de\/wp-json\/wp\/v2\/product\/598603\/revisions"}],"wp:featuredmedia":[{"embeddable":true,"href":"https:\/\/deqori.eu\/de\/wp-json\/wp\/v2\/media\/598651"}],"wp:attachment":[{"href":"https:\/\/deqori.eu\/de\/wp-json\/wp\/v2\/media?parent=598603"}],"wp:term":[{"taxonomy":"product_brand","embeddable":true,"href":"https:\/\/deqori.eu\/de\/wp-json\/wp\/v2\/product_brand?post=598603"},{"taxonomy":"product_cat","embeddable":true,"href":"https:\/\/deqori.eu\/de\/wp-json\/wp\/v2\/product_cat?post=598603"},{"taxonomy":"product_tag","embeddable":true,"href":"https:\/\/deqori.eu\/de\/wp-json\/wp\/v2\/product_tag?post=598603"}],"curies":[{"name":"wp","href":"https:\/\/api.w.org\/{rel}","templated":true}]}}