{"id":598605,"date":"2024-07-05T13:49:37","date_gmt":"2024-07-05T13:49:37","guid":{"rendered":"https:\/\/deqori.eu\/?post_type=product&#038;p=598605"},"modified":"2024-08-24T11:20:07","modified_gmt":"2024-08-24T11:20:07","slug":"wasserloeslicher-stift","status":"publish","type":"product","link":"https:\/\/deqori.eu\/de\/shop\/zubehoer-ersatzteile\/wasserloeslicher-stift\/","title":{"rendered":"Wasserl\u00f6slicher Stift"},"content":{"rendered":"<p>Entdecken Sie den vielseitigen, <strong>wasserl\u00f6slichen Stift von DEQORI, erh\u00e4ltlich in elegantem Schwarz oder zeitlosem Wei\u00df<\/strong>. Dieser Stift ist die perfekte Wahl f\u00fcr kreative K\u00f6pfe und Organisationstalente. Ideal zum Beschreiben von Glasoberfl\u00e4chen, erm\u00f6glicht er es Ihnen, Nachrichten, Notizen oder kunstvolle Designs m\u00fchelos zu erstellen. Der Stift ist non-permanent und l\u00e4sst sich daher einfach mit einem feuchten Tuch abwischen, ohne R\u00fcckst\u00e4nde zu hinterlassen. Perfekt f\u00fcr Fenster, Spiegel, Glasplatten oder andere glatte Oberfl\u00e4chen. Verleihen Sie Ihrem Alltag mehr Flexibilit\u00e4t und Kreativit\u00e4t mit dem DEQORI wasserl\u00f6slichen Stift. Greifen Sie jetzt zu und erleben Sie die Kombination aus Funktionalit\u00e4t und Stil, die Ihre Glasfl\u00e4chen in wahre Kunstwerke verwandelt. Holen Sie sich Ihren DEQORI Stift noch heute!<\/p>\n","protected":false},"excerpt":{"rendered":"<ul>\n<li>in Schwarz oder Wei\u00df<\/li>\n<li>ideal f\u00fcr Magnettafeln aus Glas<\/li>\n<li>wasserl\u00f6slich<\/li>\n<\/ul>\n","protected":false},"featured_media":598657,"comment_status":"open","ping_status":"closed","template":"","meta":{"_acf_changed":false},"product_brand":[],"product_cat":[394],"product_tag":[1415,13736,13732,13731,12219,13734,13733,6539,13735],"class_list":{"0":"post-598605","1":"product","2":"type-product","3":"status-publish","4":"has-post-thumbnail","6":"product_cat-zubehoer-ersatzteile","7":"product_tag-dunkel","8":"product_tag-folienstift","9":"product_tag-marker","10":"product_tag-non-permanent","11":"product_tag-schwarz","12":"product_tag-stift","13":"product_tag-wasserloeslich","14":"product_tag-weiss","15":"product_tag-whiteboardmarker","16":"product_shipping_class-paket-s","17":"pa_farbe-schwarz","18":"pa_farbe-weiss","19":"fpd-variation-needed","21":"first","22":"instock","23":"taxable","24":"shipping-taxable","25":"purchasable","26":"product-type-variable","swatches":"rey-swatches","show_selected":""},"acf":[],"yoast_head":"<!-- This site is optimized with the Yoast SEO plugin v27.3 - https:\/\/yoast.com\/product\/yoast-seo-wordpress\/ -->\n<title>Wasserl\u00f6slicher Stift Schwarz Wei\u00df | Ideal f\u00fcr Glas-Magnettafeln<\/title>\n<meta name=\"description\" content=\"Entdecke den wasserl\u00f6slichen Stift in Schwarz oder Wei\u00df, perfekt f\u00fcr Glas-Magnettafeln. Jetzt kaufen und pr\u00e4zises Schreiben genie\u00dfen!\" \/>\n<meta name=\"robots\" content=\"index, follow, max-snippet:-1, max-image-preview:large, max-video-preview:-1\" \/>\n<link rel=\"canonical\" href=\"https:\/\/deqori.eu\/de\/shop\/zubehoer-ersatzteile\/wasserloeslicher-stift\/\" \/>\n<meta property=\"og:locale\" content=\"de_DE\" \/>\n<meta property=\"og:type\" content=\"article\" \/>\n<meta property=\"og:title\" content=\"Wasserl\u00f6slicher Stift Schwarz Wei\u00df | Ideal f\u00fcr Glas-Magnettafeln\" \/>\n<meta property=\"og:description\" content=\"Entdecke den wasserl\u00f6slichen Stift in Schwarz oder Wei\u00df, perfekt f\u00fcr Glas-Magnettafeln. Jetzt kaufen und pr\u00e4zises Schreiben genie\u00dfen!\" \/>\n<meta property=\"og:url\" content=\"https:\/\/deqori.eu\/de\/shop\/zubehoer-ersatzteile\/wasserloeslicher-stift\/\" \/>\n<meta property=\"og:site_name\" content=\"DEQORI\" \/>\n<meta property=\"article:publisher\" content=\"https:\/\/www.facebook.com\/deqorishop\/\" \/>\n<meta property=\"article:modified_time\" content=\"2024-08-24T11:20:07+00:00\" \/>\n<meta property=\"og:image\" content=\"https:\/\/deqori.eu\/wp-content\/uploads\/2024\/07\/1-AC-003-B.jpg\" \/>\n\t<meta property=\"og:image:width\" content=\"1500\" \/>\n\t<meta property=\"og:image:height\" content=\"1500\" \/>\n\t<meta property=\"og:image:type\" content=\"image\/jpeg\" \/>\n<meta name=\"twitter:card\" content=\"summary_large_image\" \/>\n<script type=\"application\/ld+json\" class=\"yoast-schema-graph\">{\"@context\":\"https:\\\/\\\/schema.org\",\"@graph\":[{\"@type\":\"WebPage\",\"@id\":\"https:\\\/\\\/deqori.eu\\\/de\\\/shop\\\/zubehoer-ersatzteile\\\/wasserloeslicher-stift\\\/\",\"url\":\"https:\\\/\\\/deqori.eu\\\/de\\\/shop\\\/zubehoer-ersatzteile\\\/wasserloeslicher-stift\\\/\",\"name\":\"Wasserl\u00f6slicher Stift Schwarz Wei\u00df | Ideal f\u00fcr Glas-Magnettafeln\",\"isPartOf\":{\"@id\":\"https:\\\/\\\/deqori.eu\\\/de\\\/#website\"},\"primaryImageOfPage\":{\"@id\":\"https:\\\/\\\/deqori.eu\\\/de\\\/shop\\\/zubehoer-ersatzteile\\\/wasserloeslicher-stift\\\/#primaryimage\"},\"image\":{\"@id\":\"https:\\\/\\\/deqori.eu\\\/de\\\/shop\\\/zubehoer-ersatzteile\\\/wasserloeslicher-stift\\\/#primaryimage\"},\"thumbnailUrl\":\"https:\\\/\\\/deqori.eu\\\/wp-content\\\/uploads\\\/2024\\\/07\\\/1-AC-003-B.jpg\",\"datePublished\":\"2024-07-05T13:49:37+00:00\",\"dateModified\":\"2024-08-24T11:20:07+00:00\",\"description\":\"Entdecke den wasserl\u00f6slichen Stift in Schwarz oder Wei\u00df, perfekt f\u00fcr Glas-Magnettafeln. Jetzt kaufen und pr\u00e4zises Schreiben genie\u00dfen!\",\"breadcrumb\":{\"@id\":\"https:\\\/\\\/deqori.eu\\\/de\\\/shop\\\/zubehoer-ersatzteile\\\/wasserloeslicher-stift\\\/#breadcrumb\"},\"inLanguage\":\"de\",\"potentialAction\":[{\"@type\":\"ReadAction\",\"target\":[\"https:\\\/\\\/deqori.eu\\\/de\\\/shop\\\/zubehoer-ersatzteile\\\/wasserloeslicher-stift\\\/\"]}]},{\"@type\":\"ImageObject\",\"inLanguage\":\"de\",\"@id\":\"https:\\\/\\\/deqori.eu\\\/de\\\/shop\\\/zubehoer-ersatzteile\\\/wasserloeslicher-stift\\\/#primaryimage\",\"url\":\"https:\\\/\\\/deqori.eu\\\/wp-content\\\/uploads\\\/2024\\\/07\\\/1-AC-003-B.jpg\",\"contentUrl\":\"https:\\\/\\\/deqori.eu\\\/wp-content\\\/uploads\\\/2024\\\/07\\\/1-AC-003-B.jpg\",\"width\":1500,\"height\":1500},{\"@type\":\"BreadcrumbList\",\"@id\":\"https:\\\/\\\/deqori.eu\\\/de\\\/shop\\\/zubehoer-ersatzteile\\\/wasserloeslicher-stift\\\/#breadcrumb\",\"itemListElement\":[{\"@type\":\"ListItem\",\"position\":1,\"name\":\"Start\",\"item\":\"https:\\\/\\\/deqori.eu\\\/de\\\/\"},{\"@type\":\"ListItem\",\"position\":2,\"name\":\"Shop\",\"item\":\"https:\\\/\\\/deqori.eu\\\/de\\\/shop\\\/\"},{\"@type\":\"ListItem\",\"position\":3,\"name\":\"Wasserl\u00f6slicher Stift\"}]},{\"@type\":\"WebSite\",\"@id\":\"https:\\\/\\\/deqori.eu\\\/de\\\/#website\",\"url\":\"https:\\\/\\\/deqori.eu\\\/de\\\/\",\"name\":\"DEQORI\",\"description\":\"MOTIV-ierte Wandkunst f\u00fcr deine Wohnf\u00fchloase\",\"publisher\":{\"@id\":\"https:\\\/\\\/deqori.eu\\\/de\\\/#organization\"},\"potentialAction\":[{\"@type\":\"SearchAction\",\"target\":{\"@type\":\"EntryPoint\",\"urlTemplate\":\"https:\\\/\\\/deqori.eu\\\/de\\\/?s={search_term_string}\"},\"query-input\":{\"@type\":\"PropertyValueSpecification\",\"valueRequired\":true,\"valueName\":\"search_term_string\"}}],\"inLanguage\":\"de\"},{\"@type\":\"Organization\",\"@id\":\"https:\\\/\\\/deqori.eu\\\/de\\\/#organization\",\"name\":\"DEQORI\",\"url\":\"https:\\\/\\\/deqori.eu\\\/de\\\/\",\"logo\":{\"@type\":\"ImageObject\",\"inLanguage\":\"de\",\"@id\":\"https:\\\/\\\/deqori.eu\\\/de\\\/#\\\/schema\\\/logo\\\/image\\\/\",\"url\":\"https:\\\/\\\/deqori.eu\\\/wp-content\\\/uploads\\\/2022\\\/03\\\/deqori-logo-500px-blau-v3.png\",\"contentUrl\":\"https:\\\/\\\/deqori.eu\\\/wp-content\\\/uploads\\\/2022\\\/03\\\/deqori-logo-500px-blau-v3.png\",\"width\":500,\"height\":130,\"caption\":\"DEQORI\"},\"image\":{\"@id\":\"https:\\\/\\\/deqori.eu\\\/de\\\/#\\\/schema\\\/logo\\\/image\\\/\"},\"sameAs\":[\"https:\\\/\\\/www.facebook.com\\\/deqorishop\\\/\",\"https:\\\/\\\/www.instagram.com\\\/deqorishop\\\/\",\"https:\\\/\\\/www.pinterest.com\\\/deqorishop\\\/\"],\"hasMerchantReturnPolicy\":{\"@type\":\"MerchantReturnPolicy\",\"merchantReturnLink\":\"https:\\\/\\\/deqori.eu\\\/de\\\/widerruf\\\/\"}}]}<\/script>\n<meta property=\"og:availability\" content=\"instock\" \/>\n<meta property=\"product:availability\" content=\"instock\" \/>\n<meta property=\"product:retailer_item_id\" content=\"AC-003\" \/>\n<meta property=\"product:condition\" content=\"new\" \/>\n<!-- \/ Yoast SEO plugin. -->","yoast_head_json":{"title":"Wasserl\u00f6slicher Stift Schwarz Wei\u00df | Ideal f\u00fcr Glas-Magnettafeln","description":"Entdecke den wasserl\u00f6slichen Stift in Schwarz oder Wei\u00df, perfekt f\u00fcr Glas-Magnettafeln. Jetzt kaufen und pr\u00e4zises Schreiben genie\u00dfen!","robots":{"index":"index","follow":"follow","max-snippet":"max-snippet:-1","max-image-preview":"max-image-preview:large","max-video-preview":"max-video-preview:-1"},"canonical":"https:\/\/deqori.eu\/de\/shop\/zubehoer-ersatzteile\/wasserloeslicher-stift\/","og_locale":"de_DE","og_type":"article","og_title":"Wasserl\u00f6slicher Stift Schwarz Wei\u00df | Ideal f\u00fcr Glas-Magnettafeln","og_description":"Entdecke den wasserl\u00f6slichen Stift in Schwarz oder Wei\u00df, perfekt f\u00fcr Glas-Magnettafeln. Jetzt kaufen und pr\u00e4zises Schreiben genie\u00dfen!","og_url":"https:\/\/deqori.eu\/de\/shop\/zubehoer-ersatzteile\/wasserloeslicher-stift\/","og_site_name":"DEQORI","article_publisher":"https:\/\/www.facebook.com\/deqorishop\/","article_modified_time":"2024-08-24T11:20:07+00:00","og_image":[{"width":1500,"height":1500,"url":"https:\/\/deqori.eu\/wp-content\/uploads\/2024\/07\/1-AC-003-B.jpg","type":"image\/jpeg"}],"twitter_card":"summary_large_image","schema":{"@context":"https:\/\/schema.org","@graph":[{"@type":"WebPage","@id":"https:\/\/deqori.eu\/de\/shop\/zubehoer-ersatzteile\/wasserloeslicher-stift\/","url":"https:\/\/deqori.eu\/de\/shop\/zubehoer-ersatzteile\/wasserloeslicher-stift\/","name":"Wasserl\u00f6slicher Stift Schwarz Wei\u00df | Ideal f\u00fcr Glas-Magnettafeln","isPartOf":{"@id":"https:\/\/deqori.eu\/de\/#website"},"primaryImageOfPage":{"@id":"https:\/\/deqori.eu\/de\/shop\/zubehoer-ersatzteile\/wasserloeslicher-stift\/#primaryimage"},"image":{"@id":"https:\/\/deqori.eu\/de\/shop\/zubehoer-ersatzteile\/wasserloeslicher-stift\/#primaryimage"},"thumbnailUrl":"https:\/\/deqori.eu\/wp-content\/uploads\/2024\/07\/1-AC-003-B.jpg","datePublished":"2024-07-05T13:49:37+00:00","dateModified":"2024-08-24T11:20:07+00:00","description":"Entdecke den wasserl\u00f6slichen Stift in Schwarz oder Wei\u00df, perfekt f\u00fcr Glas-Magnettafeln. Jetzt kaufen und pr\u00e4zises Schreiben genie\u00dfen!","breadcrumb":{"@id":"https:\/\/deqori.eu\/de\/shop\/zubehoer-ersatzteile\/wasserloeslicher-stift\/#breadcrumb"},"inLanguage":"de","potentialAction":[{"@type":"ReadAction","target":["https:\/\/deqori.eu\/de\/shop\/zubehoer-ersatzteile\/wasserloeslicher-stift\/"]}]},{"@type":"ImageObject","inLanguage":"de","@id":"https:\/\/deqori.eu\/de\/shop\/zubehoer-ersatzteile\/wasserloeslicher-stift\/#primaryimage","url":"https:\/\/deqori.eu\/wp-content\/uploads\/2024\/07\/1-AC-003-B.jpg","contentUrl":"https:\/\/deqori.eu\/wp-content\/uploads\/2024\/07\/1-AC-003-B.jpg","width":1500,"height":1500},{"@type":"BreadcrumbList","@id":"https:\/\/deqori.eu\/de\/shop\/zubehoer-ersatzteile\/wasserloeslicher-stift\/#breadcrumb","itemListElement":[{"@type":"ListItem","position":1,"name":"Start","item":"https:\/\/deqori.eu\/de\/"},{"@type":"ListItem","position":2,"name":"Shop","item":"https:\/\/deqori.eu\/de\/shop\/"},{"@type":"ListItem","position":3,"name":"Wasserl\u00f6slicher Stift"}]},{"@type":"WebSite","@id":"https:\/\/deqori.eu\/de\/#website","url":"https:\/\/deqori.eu\/de\/","name":"DEQORI","description":"MOTIV-ierte Wandkunst f\u00fcr deine Wohnf\u00fchloase","publisher":{"@id":"https:\/\/deqori.eu\/de\/#organization"},"potentialAction":[{"@type":"SearchAction","target":{"@type":"EntryPoint","urlTemplate":"https:\/\/deqori.eu\/de\/?s={search_term_string}"},"query-input":{"@type":"PropertyValueSpecification","valueRequired":true,"valueName":"search_term_string"}}],"inLanguage":"de"},{"@type":"Organization","@id":"https:\/\/deqori.eu\/de\/#organization","name":"DEQORI","url":"https:\/\/deqori.eu\/de\/","logo":{"@type":"ImageObject","inLanguage":"de","@id":"https:\/\/deqori.eu\/de\/#\/schema\/logo\/image\/","url":"https:\/\/deqori.eu\/wp-content\/uploads\/2022\/03\/deqori-logo-500px-blau-v3.png","contentUrl":"https:\/\/deqori.eu\/wp-content\/uploads\/2022\/03\/deqori-logo-500px-blau-v3.png","width":500,"height":130,"caption":"DEQORI"},"image":{"@id":"https:\/\/deqori.eu\/de\/#\/schema\/logo\/image\/"},"sameAs":["https:\/\/www.facebook.com\/deqorishop\/","https:\/\/www.instagram.com\/deqorishop\/","https:\/\/www.pinterest.com\/deqorishop\/"],"hasMerchantReturnPolicy":{"@type":"MerchantReturnPolicy","merchantReturnLink":"https:\/\/deqori.eu\/de\/widerruf\/"}}]},"og_availability":"instock","product_availability":"instock","product_retailer_item_id":"AC-003","product_condition":"new"},"_links":{"self":[{"href":"https:\/\/deqori.eu\/de\/wp-json\/wp\/v2\/product\/598605","targetHints":{"allow":["GET"]}}],"collection":[{"href":"https:\/\/deqori.eu\/de\/wp-json\/wp\/v2\/product"}],"about":[{"href":"https:\/\/deqori.eu\/de\/wp-json\/wp\/v2\/types\/product"}],"replies":[{"embeddable":true,"href":"https:\/\/deqori.eu\/de\/wp-json\/wp\/v2\/comments?post=598605"}],"version-history":[{"count":0,"href":"https:\/\/deqori.eu\/de\/wp-json\/wp\/v2\/product\/598605\/revisions"}],"wp:featuredmedia":[{"embeddable":true,"href":"https:\/\/deqori.eu\/de\/wp-json\/wp\/v2\/media\/598657"}],"wp:attachment":[{"href":"https:\/\/deqori.eu\/de\/wp-json\/wp\/v2\/media?parent=598605"}],"wp:term":[{"taxonomy":"product_brand","embeddable":true,"href":"https:\/\/deqori.eu\/de\/wp-json\/wp\/v2\/product_brand?post=598605"},{"taxonomy":"product_cat","embeddable":true,"href":"https:\/\/deqori.eu\/de\/wp-json\/wp\/v2\/product_cat?post=598605"},{"taxonomy":"product_tag","embeddable":true,"href":"https:\/\/deqori.eu\/de\/wp-json\/wp\/v2\/product_tag?post=598605"}],"curies":[{"name":"wp","href":"https:\/\/api.w.org\/{rel}","templated":true}]}}