{"id":598608,"date":"2024-07-05T13:49:37","date_gmt":"2024-07-05T13:49:37","guid":{"rendered":"https:\/\/deqori.eu\/?post_type=product&#038;p=598608"},"modified":"2024-08-24T11:19:52","modified_gmt":"2024-08-24T11:19:52","slug":"silikon-ersatznoppen-5-stk","status":"publish","type":"product","link":"https:\/\/deqori.eu\/de\/shop\/zubehoer-ersatzteile\/silikon-ersatznoppen-5-stk\/","title":{"rendered":"Silikon-Ersatznoppen (5 Stk.)"},"content":{"rendered":"<p>Entdecken Sie die praktischen <strong>Silikon-Ersatznoppen von DEQORI im 5er Set<\/strong> \u2013 die perfekte L\u00f6sung f\u00fcr Ihre Schneidebretter und Herdabdeckplatten! Die transparenten Noppen sind speziell daf\u00fcr entwickelt, Abstand zum Untergrund zu schaffen und somit f\u00fcr eine optimale Bel\u00fcftung, Stabilit\u00e4t und Rutschfestigkeit zu sorgen. Hergestellt aus hochwertigem Silikon, bieten sie eine lange Lebensdauer und zuverl\u00e4ssigen Halt. Egal ob in der K\u00fcche oder anderen Bereichen des Haushalts \u2013 mit diesen Ersatznoppen bleibt alles an Ort und Stelle und wird gleichzeitig vor Kratzern gesch\u00fctzt. Erh\u00f6hen Sie die Lebensdauer Ihrer K\u00fcchenaccessoires und genie\u00dfen Sie mehr Sicherheit und Komfort. Bestellen Sie jetzt Ihr Ersatzset und erleben Sie die DEQORI-Qualit\u00e4t!<\/p>\n","protected":false},"excerpt":{"rendered":"<ul>\n<li>hergestellt aus Silikon<\/li>\n<li>transparent &amp; rutschfest<\/li>\n<li>ideal f\u00fcr Herdabdeckplatten und Schneidebretter<\/li>\n<\/ul>\n","protected":false},"featured_media":598665,"comment_status":"open","ping_status":"closed","template":"","meta":{"_acf_changed":false},"product_brand":[],"product_cat":[394],"product_tag":[13738,13737,13740,13739],"class_list":{"0":"post-598608","1":"product","2":"type-product","3":"status-publish","4":"has-post-thumbnail","6":"product_cat-zubehoer-ersatzteile","7":"product_tag-ersatzfuesse","8":"product_tag-ersatznoppen","9":"product_tag-ersatzteil","10":"product_tag-silikon-noppen","11":"product_shipping_class-paket-s","12":"pa_farbe-weiss","13":"fpd-variation-needed","15":"first","16":"instock","17":"taxable","18":"shipping-taxable","19":"purchasable","20":"product-type-simple","swatches":"rey-swatches","show_selected":""},"acf":[],"yoast_head":"<!-- This site is optimized with the Yoast SEO plugin v27.3 - https:\/\/yoast.com\/product\/yoast-seo-wordpress\/ -->\n<title>5x Ersatznoppen f\u00fcr Schneidebretter - Gratis Versand DE<\/title>\n<meta name=\"description\" content=\"Rutschfeste 5x Ersatznoppen f\u00fcr Schneidebretter. Gratis Versand in DE! Jetzt kaufen und sichere Schneideunterlagen genie\u00dfen.\" \/>\n<meta name=\"robots\" content=\"index, follow, max-snippet:-1, max-image-preview:large, max-video-preview:-1\" \/>\n<link rel=\"canonical\" href=\"https:\/\/deqori.eu\/de\/shop\/zubehoer-ersatzteile\/silikon-ersatznoppen-5-stk\/\" \/>\n<meta property=\"og:locale\" content=\"de_DE\" \/>\n<meta property=\"og:type\" content=\"article\" \/>\n<meta property=\"og:title\" content=\"5x Ersatznoppen f\u00fcr Schneidebretter - Gratis Versand DE\" \/>\n<meta property=\"og:description\" content=\"Rutschfeste 5x Ersatznoppen f\u00fcr Schneidebretter. Gratis Versand in DE! Jetzt kaufen und sichere Schneideunterlagen genie\u00dfen.\" \/>\n<meta property=\"og:url\" content=\"https:\/\/deqori.eu\/de\/shop\/zubehoer-ersatzteile\/silikon-ersatznoppen-5-stk\/\" \/>\n<meta property=\"og:site_name\" content=\"DEQORI\" \/>\n<meta property=\"article:publisher\" content=\"https:\/\/www.facebook.com\/deqorishop\/\" \/>\n<meta property=\"article:modified_time\" content=\"2024-08-24T11:19:52+00:00\" \/>\n<meta property=\"og:image\" content=\"https:\/\/deqori.eu\/wp-content\/uploads\/2024\/07\/1-AC-004.jpg\" \/>\n\t<meta property=\"og:image:width\" content=\"1500\" \/>\n\t<meta property=\"og:image:height\" content=\"1500\" \/>\n\t<meta property=\"og:image:type\" content=\"image\/jpeg\" \/>\n<meta name=\"twitter:card\" content=\"summary_large_image\" \/>\n<script type=\"application\/ld+json\" class=\"yoast-schema-graph\">{\"@context\":\"https:\\\/\\\/schema.org\",\"@graph\":[{\"@type\":\"WebPage\",\"@id\":\"https:\\\/\\\/deqori.eu\\\/de\\\/shop\\\/zubehoer-ersatzteile\\\/silikon-ersatznoppen-5-stk\\\/\",\"url\":\"https:\\\/\\\/deqori.eu\\\/de\\\/shop\\\/zubehoer-ersatzteile\\\/silikon-ersatznoppen-5-stk\\\/\",\"name\":\"5x Ersatznoppen f\u00fcr Schneidebretter - Gratis Versand DE\",\"isPartOf\":{\"@id\":\"https:\\\/\\\/deqori.eu\\\/de\\\/#website\"},\"primaryImageOfPage\":{\"@id\":\"https:\\\/\\\/deqori.eu\\\/de\\\/shop\\\/zubehoer-ersatzteile\\\/silikon-ersatznoppen-5-stk\\\/#primaryimage\"},\"image\":{\"@id\":\"https:\\\/\\\/deqori.eu\\\/de\\\/shop\\\/zubehoer-ersatzteile\\\/silikon-ersatznoppen-5-stk\\\/#primaryimage\"},\"thumbnailUrl\":\"https:\\\/\\\/deqori.eu\\\/wp-content\\\/uploads\\\/2024\\\/07\\\/1-AC-004.jpg\",\"datePublished\":\"2024-07-05T13:49:37+00:00\",\"dateModified\":\"2024-08-24T11:19:52+00:00\",\"description\":\"Rutschfeste 5x Ersatznoppen f\u00fcr Schneidebretter. Gratis Versand in DE! Jetzt kaufen und sichere Schneideunterlagen genie\u00dfen.\",\"breadcrumb\":{\"@id\":\"https:\\\/\\\/deqori.eu\\\/de\\\/shop\\\/zubehoer-ersatzteile\\\/silikon-ersatznoppen-5-stk\\\/#breadcrumb\"},\"inLanguage\":\"de\",\"potentialAction\":[{\"@type\":\"ReadAction\",\"target\":[\"https:\\\/\\\/deqori.eu\\\/de\\\/shop\\\/zubehoer-ersatzteile\\\/silikon-ersatznoppen-5-stk\\\/\"]}]},{\"@type\":\"ImageObject\",\"inLanguage\":\"de\",\"@id\":\"https:\\\/\\\/deqori.eu\\\/de\\\/shop\\\/zubehoer-ersatzteile\\\/silikon-ersatznoppen-5-stk\\\/#primaryimage\",\"url\":\"https:\\\/\\\/deqori.eu\\\/wp-content\\\/uploads\\\/2024\\\/07\\\/1-AC-004.jpg\",\"contentUrl\":\"https:\\\/\\\/deqori.eu\\\/wp-content\\\/uploads\\\/2024\\\/07\\\/1-AC-004.jpg\",\"width\":1500,\"height\":1500},{\"@type\":\"BreadcrumbList\",\"@id\":\"https:\\\/\\\/deqori.eu\\\/de\\\/shop\\\/zubehoer-ersatzteile\\\/silikon-ersatznoppen-5-stk\\\/#breadcrumb\",\"itemListElement\":[{\"@type\":\"ListItem\",\"position\":1,\"name\":\"Start\",\"item\":\"https:\\\/\\\/deqori.eu\\\/de\\\/\"},{\"@type\":\"ListItem\",\"position\":2,\"name\":\"Shop\",\"item\":\"https:\\\/\\\/deqori.eu\\\/de\\\/shop\\\/\"},{\"@type\":\"ListItem\",\"position\":3,\"name\":\"Silikon-Ersatznoppen (5 Stk.)\"}]},{\"@type\":\"WebSite\",\"@id\":\"https:\\\/\\\/deqori.eu\\\/de\\\/#website\",\"url\":\"https:\\\/\\\/deqori.eu\\\/de\\\/\",\"name\":\"DEQORI\",\"description\":\"MOTIV-ierte Wandkunst f\u00fcr deine Wohnf\u00fchloase\",\"publisher\":{\"@id\":\"https:\\\/\\\/deqori.eu\\\/de\\\/#organization\"},\"potentialAction\":[{\"@type\":\"SearchAction\",\"target\":{\"@type\":\"EntryPoint\",\"urlTemplate\":\"https:\\\/\\\/deqori.eu\\\/de\\\/?s={search_term_string}\"},\"query-input\":{\"@type\":\"PropertyValueSpecification\",\"valueRequired\":true,\"valueName\":\"search_term_string\"}}],\"inLanguage\":\"de\"},{\"@type\":\"Organization\",\"@id\":\"https:\\\/\\\/deqori.eu\\\/de\\\/#organization\",\"name\":\"DEQORI\",\"url\":\"https:\\\/\\\/deqori.eu\\\/de\\\/\",\"logo\":{\"@type\":\"ImageObject\",\"inLanguage\":\"de\",\"@id\":\"https:\\\/\\\/deqori.eu\\\/de\\\/#\\\/schema\\\/logo\\\/image\\\/\",\"url\":\"https:\\\/\\\/deqori.eu\\\/wp-content\\\/uploads\\\/2022\\\/03\\\/deqori-logo-500px-blau-v3.png\",\"contentUrl\":\"https:\\\/\\\/deqori.eu\\\/wp-content\\\/uploads\\\/2022\\\/03\\\/deqori-logo-500px-blau-v3.png\",\"width\":500,\"height\":130,\"caption\":\"DEQORI\"},\"image\":{\"@id\":\"https:\\\/\\\/deqori.eu\\\/de\\\/#\\\/schema\\\/logo\\\/image\\\/\"},\"sameAs\":[\"https:\\\/\\\/www.facebook.com\\\/deqorishop\\\/\",\"https:\\\/\\\/www.instagram.com\\\/deqorishop\\\/\",\"https:\\\/\\\/www.pinterest.com\\\/deqorishop\\\/\"],\"hasMerchantReturnPolicy\":{\"@type\":\"MerchantReturnPolicy\",\"merchantReturnLink\":\"https:\\\/\\\/deqori.eu\\\/de\\\/widerruf\\\/\"}}]}<\/script>\n<meta property=\"product:price:amount\" content=\"2.90\" \/>\n<meta property=\"product:price:currency\" content=\"EUR\" \/>\n<meta property=\"og:availability\" content=\"instock\" \/>\n<meta property=\"product:availability\" content=\"instock\" \/>\n<meta property=\"product:retailer_item_id\" content=\"AC-004\" \/>\n<meta property=\"product:condition\" content=\"new\" \/>\n<!-- \/ Yoast SEO plugin. -->","yoast_head_json":{"title":"5x Ersatznoppen f\u00fcr Schneidebretter - Gratis Versand DE","description":"Rutschfeste 5x Ersatznoppen f\u00fcr Schneidebretter. Gratis Versand in DE! Jetzt kaufen und sichere Schneideunterlagen genie\u00dfen.","robots":{"index":"index","follow":"follow","max-snippet":"max-snippet:-1","max-image-preview":"max-image-preview:large","max-video-preview":"max-video-preview:-1"},"canonical":"https:\/\/deqori.eu\/de\/shop\/zubehoer-ersatzteile\/silikon-ersatznoppen-5-stk\/","og_locale":"de_DE","og_type":"article","og_title":"5x Ersatznoppen f\u00fcr Schneidebretter - Gratis Versand DE","og_description":"Rutschfeste 5x Ersatznoppen f\u00fcr Schneidebretter. Gratis Versand in DE! Jetzt kaufen und sichere Schneideunterlagen genie\u00dfen.","og_url":"https:\/\/deqori.eu\/de\/shop\/zubehoer-ersatzteile\/silikon-ersatznoppen-5-stk\/","og_site_name":"DEQORI","article_publisher":"https:\/\/www.facebook.com\/deqorishop\/","article_modified_time":"2024-08-24T11:19:52+00:00","og_image":[{"width":1500,"height":1500,"url":"https:\/\/deqori.eu\/wp-content\/uploads\/2024\/07\/1-AC-004.jpg","type":"image\/jpeg"}],"twitter_card":"summary_large_image","schema":{"@context":"https:\/\/schema.org","@graph":[{"@type":"WebPage","@id":"https:\/\/deqori.eu\/de\/shop\/zubehoer-ersatzteile\/silikon-ersatznoppen-5-stk\/","url":"https:\/\/deqori.eu\/de\/shop\/zubehoer-ersatzteile\/silikon-ersatznoppen-5-stk\/","name":"5x Ersatznoppen f\u00fcr Schneidebretter - Gratis Versand DE","isPartOf":{"@id":"https:\/\/deqori.eu\/de\/#website"},"primaryImageOfPage":{"@id":"https:\/\/deqori.eu\/de\/shop\/zubehoer-ersatzteile\/silikon-ersatznoppen-5-stk\/#primaryimage"},"image":{"@id":"https:\/\/deqori.eu\/de\/shop\/zubehoer-ersatzteile\/silikon-ersatznoppen-5-stk\/#primaryimage"},"thumbnailUrl":"https:\/\/deqori.eu\/wp-content\/uploads\/2024\/07\/1-AC-004.jpg","datePublished":"2024-07-05T13:49:37+00:00","dateModified":"2024-08-24T11:19:52+00:00","description":"Rutschfeste 5x Ersatznoppen f\u00fcr Schneidebretter. Gratis Versand in DE! Jetzt kaufen und sichere Schneideunterlagen genie\u00dfen.","breadcrumb":{"@id":"https:\/\/deqori.eu\/de\/shop\/zubehoer-ersatzteile\/silikon-ersatznoppen-5-stk\/#breadcrumb"},"inLanguage":"de","potentialAction":[{"@type":"ReadAction","target":["https:\/\/deqori.eu\/de\/shop\/zubehoer-ersatzteile\/silikon-ersatznoppen-5-stk\/"]}]},{"@type":"ImageObject","inLanguage":"de","@id":"https:\/\/deqori.eu\/de\/shop\/zubehoer-ersatzteile\/silikon-ersatznoppen-5-stk\/#primaryimage","url":"https:\/\/deqori.eu\/wp-content\/uploads\/2024\/07\/1-AC-004.jpg","contentUrl":"https:\/\/deqori.eu\/wp-content\/uploads\/2024\/07\/1-AC-004.jpg","width":1500,"height":1500},{"@type":"BreadcrumbList","@id":"https:\/\/deqori.eu\/de\/shop\/zubehoer-ersatzteile\/silikon-ersatznoppen-5-stk\/#breadcrumb","itemListElement":[{"@type":"ListItem","position":1,"name":"Start","item":"https:\/\/deqori.eu\/de\/"},{"@type":"ListItem","position":2,"name":"Shop","item":"https:\/\/deqori.eu\/de\/shop\/"},{"@type":"ListItem","position":3,"name":"Silikon-Ersatznoppen (5 Stk.)"}]},{"@type":"WebSite","@id":"https:\/\/deqori.eu\/de\/#website","url":"https:\/\/deqori.eu\/de\/","name":"DEQORI","description":"MOTIV-ierte Wandkunst f\u00fcr deine Wohnf\u00fchloase","publisher":{"@id":"https:\/\/deqori.eu\/de\/#organization"},"potentialAction":[{"@type":"SearchAction","target":{"@type":"EntryPoint","urlTemplate":"https:\/\/deqori.eu\/de\/?s={search_term_string}"},"query-input":{"@type":"PropertyValueSpecification","valueRequired":true,"valueName":"search_term_string"}}],"inLanguage":"de"},{"@type":"Organization","@id":"https:\/\/deqori.eu\/de\/#organization","name":"DEQORI","url":"https:\/\/deqori.eu\/de\/","logo":{"@type":"ImageObject","inLanguage":"de","@id":"https:\/\/deqori.eu\/de\/#\/schema\/logo\/image\/","url":"https:\/\/deqori.eu\/wp-content\/uploads\/2022\/03\/deqori-logo-500px-blau-v3.png","contentUrl":"https:\/\/deqori.eu\/wp-content\/uploads\/2022\/03\/deqori-logo-500px-blau-v3.png","width":500,"height":130,"caption":"DEQORI"},"image":{"@id":"https:\/\/deqori.eu\/de\/#\/schema\/logo\/image\/"},"sameAs":["https:\/\/www.facebook.com\/deqorishop\/","https:\/\/www.instagram.com\/deqorishop\/","https:\/\/www.pinterest.com\/deqorishop\/"],"hasMerchantReturnPolicy":{"@type":"MerchantReturnPolicy","merchantReturnLink":"https:\/\/deqori.eu\/de\/widerruf\/"}}]},"product_price_amount":"2.90","product_price_currency":"EUR","og_availability":"instock","product_availability":"instock","product_retailer_item_id":"AC-004","product_condition":"new"},"_links":{"self":[{"href":"https:\/\/deqori.eu\/de\/wp-json\/wp\/v2\/product\/598608","targetHints":{"allow":["GET"]}}],"collection":[{"href":"https:\/\/deqori.eu\/de\/wp-json\/wp\/v2\/product"}],"about":[{"href":"https:\/\/deqori.eu\/de\/wp-json\/wp\/v2\/types\/product"}],"replies":[{"embeddable":true,"href":"https:\/\/deqori.eu\/de\/wp-json\/wp\/v2\/comments?post=598608"}],"version-history":[{"count":0,"href":"https:\/\/deqori.eu\/de\/wp-json\/wp\/v2\/product\/598608\/revisions"}],"wp:featuredmedia":[{"embeddable":true,"href":"https:\/\/deqori.eu\/de\/wp-json\/wp\/v2\/media\/598665"}],"wp:attachment":[{"href":"https:\/\/deqori.eu\/de\/wp-json\/wp\/v2\/media?parent=598608"}],"wp:term":[{"taxonomy":"product_brand","embeddable":true,"href":"https:\/\/deqori.eu\/de\/wp-json\/wp\/v2\/product_brand?post=598608"},{"taxonomy":"product_cat","embeddable":true,"href":"https:\/\/deqori.eu\/de\/wp-json\/wp\/v2\/product_cat?post=598608"},{"taxonomy":"product_tag","embeddable":true,"href":"https:\/\/deqori.eu\/de\/wp-json\/wp\/v2\/product_tag?post=598608"}],"curies":[{"name":"wp","href":"https:\/\/api.w.org\/{rel}","templated":true}]}}